{"id":23,"date":"2016-03-14T16:37:36","date_gmt":"2016-03-14T15:37:36","guid":{"rendered":"https:\/\/amazonkikolumna.pl\/?page_id=23"},"modified":"2019-05-30T22:09:48","modified_gmt":"2019-05-30T20:09:48","slug":"plan-pracy-na-2016-rok","status":"publish","type":"page","link":"https:\/\/amazonkikolumna.pl\/index.php\/plan-pracy-na-2016-rok\/","title":{"rendered":"2019"},"content":{"rendered":"<p>PROGRAMY REALIZOWANE W 2019 ROKU<\/p>\n<ul>\n<li>spotkania na temat profilaktyki nowotwor\u00f3w piersi organizowane dla pracownik\u00f3w urz\u0119d\u00f3w&nbsp;samorz\u0105dowych, pracownik\u00f3w plac\u00f3wek o\u015bwiatowych, zak\u0142ad\u00f3w pracy miasta i gminy \u0141ask.<br \/>\nSpotkania te b\u0119d\u0105 odbywa\u0142y si\u0119 w terminach uzgodnionych przez obie strony.<\/li>\n<li>od kwietnia do grudnia 2019 r. spotkania z psychologiem, finansowane kwot\u0105 2000 zl przez Urz\u0105d Miejski w \u0141asku.<\/li>\n<\/ul>\n<p>PLAN PRACY NA 2019 ROK<\/p>\n<p>STYCZE\u0143<\/p>\n<p>10.01.\u2014 zebranie cz\u0142onk\u00f3w<\/p>\n<p>LUTY<\/p>\n<p>14.02.\u2014zebranie cz\u0142onk\u00f3w<\/p>\n<p>MARZEC<\/p>\n<p>21.03. \u2013 walne zebranie sprawozdawczo-wyborcze<\/p>\n<p>KWIECIE\u0143<\/p>\n<p>11.04.\u2014 zebranie cz\u0142onk\u00f3w<\/p>\n<p>MAJ<\/p>\n<p>09.05.\u2014 zebranie cz\u0142onk\u00f3w<\/p>\n<p>CZERWIEC<\/p>\n<p>03.06.- obchody Dnia Dziecka w Publicznym Przedszkolu nr 4 w \u0141asku<\/p>\n<p>11.06.\u2014 zebranie cz\u0142onk\u00f3w<\/p>\n<p>28-29.06 \u2013 Wojew\u00f3dzkie \u015awi\u0119to Amazonek<\/p>\n<p>Spartakiada Amazonek<\/p>\n<p>15-lecie Stowarzyszenia<\/p>\n<p>LIPIEC-SIERPIE\u0143 \u2013 przerwa wakacyjna<\/p>\n<p>SIERPIE\u0143<\/p>\n<p>16-18.08.\u2014wycieczka do Zamo\u015bcia i na Roztocze<\/p>\n<p>WRZESIE\u0143<\/p>\n<p>12.09.\u2014 zebranie cz\u0142onk\u00f3w<\/p>\n<p>05.10.&#8211;&nbsp; Og\u00f3lnopolska Pielgrzymka Amazonek na Jasn\u0105 G\u00f3r\u0119<\/p>\n<p>PA\u0179DZIERNIK<\/p>\n<p>10.10.\u2014zebranie cz\u0142onk\u00f3w<\/p>\n<p>LISTOPAD<\/p>\n<p>14.11. \u2013 zebranie cz\u0142onk\u00f3w<\/p>\n<p>GRUDZIE\u0143<\/p>\n<p>12.12. \u2013 wiecz\u00f3r wigilijny<\/p>\n<p>W ka\u017cdy wtorek od godziny 16.30 do 17.30 odbywaj\u0105 si\u0119 zaj\u0119cia rehabilitacji ruchowej prowadzone przez fizjoterapeutk\u0119 Renat\u0119 Knop, w sali gimnastyczne Publicznego Przedszkola nr 4 w \u0141asku.<\/p>\n<p>W tym roku odb\u0119d\u0105 si\u0119 cztery spotkania po\u0142\u0105czone z warsztatami psychoterapeutycznymi.<\/p>\n<p>B\u0119d\u0105 kontynuowane tak\u017ce spotkania indywidualne z psychoterapeutk\u0105, w przypadkach wymagaj\u0105cych takiego wsparcia.<\/p>\n<p>Ponadto w ka\u017cdy wtorek w godz. 16.30 \u2013 18.00 odbywa si\u0119 gimnastyka rehabilitacyjna w sali gimnastycznej przedszkola, prowadzona przez dyplomowan\u0105 rehabilitantk\u0119 Renat\u0119 Knop. Zaj\u0119cia odbywaj\u0105 si\u0119 dzi\u0119ki dofinansowaniu przez Urz\u0105d Miejski w \u0141asku.<\/p>\n","protected":false},"excerpt":{"rendered":"<p>PROGRAMY REALIZOWANE W 2019 ROKU spotkania na temat profilaktyki nowotwor\u00f3w piersi organizowane dla pracownik\u00f3w urz\u0119d\u00f3w&nbsp;samorz\u0105dowych, pracownik\u00f3w plac\u00f3wek o\u015bwiatowych, zak\u0142ad\u00f3w pracy miasta i gminy \u0141ask. Spotkania te b\u0119d\u0105 odbywa\u0142y si\u0119 w terminach uzgodnionych przez obie strony. od kwietnia do grudnia 2019 r. spotkania z psychologiem, finansowane kwot\u0105 2000 zl przez Urz\u0105d Miejski w \u0141asku. PLAN PRACY NA 2019 ROK STYCZE\u0143 10.01.\u2014 zebranie cz\u0142onk\u00f3w LUTY 14.02.\u2014zebranie cz\u0142onk\u00f3w MARZEC 21.03. \u2013 walne zebranie sprawozdawczo-wyborcze KWIECIE\u0143 11.04.\u2014 zebranie cz\u0142onk\u00f3w MAJ 09.05.\u2014 zebranie cz\u0142onk\u00f3w CZERWIEC 03.06.- obchody Dnia Dziecka w Publicznym Przedszkolu nr 4 w \u0141asku 11.06.\u2014 zebranie cz\u0142onk\u00f3w 28-29.06 \u2013 Wojew\u00f3dzkie \u015awi\u0119to Amazonek Spartakiada [&hellip;]<\/p>\n","protected":false},"author":4,"featured_media":0,"parent":0,"menu_order":0,"comment_status":"closed","ping_status":"closed","template":"","meta":{"footnotes":""},"class_list":["post-23","page","type-page","status-publish","hentry","wpbf-post"],"yoast_head":"<!-- This site is optimized with the Yoast SEO plugin v26.8 - https:\/\/yoast.com\/product\/yoast-seo-wordpress\/ -->\n<title>2019 - Stowarzyszenie Amazonek \u0141ask-Kolumna<\/title>\n<meta name=\"robots\" content=\"index, follow, max-snippet:-1, max-image-preview:large, max-video-preview:-1\" \/>\n<link rel=\"canonical\" href=\"https:\/\/amazonkikolumna.pl\/index.php\/plan-pracy-na-2016-rok\/\" \/>\n<meta property=\"og:locale\" content=\"pl_PL\" \/>\n<meta property=\"og:type\" content=\"article\" \/>\n<meta property=\"og:title\" content=\"2019 - Stowarzyszenie Amazonek \u0141ask-Kolumna\" \/>\n<meta property=\"og:description\" content=\"PROGRAMY REALIZOWANE W 2019 ROKU spotkania na temat profilaktyki nowotwor\u00f3w piersi organizowane dla pracownik\u00f3w urz\u0119d\u00f3w&nbsp;samorz\u0105dowych, pracownik\u00f3w plac\u00f3wek o\u015bwiatowych, zak\u0142ad\u00f3w pracy miasta i gminy \u0141ask. Spotkania te b\u0119d\u0105 odbywa\u0142y si\u0119 w terminach uzgodnionych przez obie strony. od kwietnia do grudnia 2019 r. spotkania z psychologiem, finansowane kwot\u0105 2000 zl przez Urz\u0105d Miejski w \u0141asku. PLAN PRACY NA 2019 ROK STYCZE\u0143 10.01.\u2014 zebranie cz\u0142onk\u00f3w LUTY 14.02.\u2014zebranie cz\u0142onk\u00f3w MARZEC 21.03. \u2013 walne zebranie sprawozdawczo-wyborcze KWIECIE\u0143 11.04.\u2014 zebranie cz\u0142onk\u00f3w MAJ 09.05.\u2014 zebranie cz\u0142onk\u00f3w CZERWIEC 03.06.- obchody Dnia Dziecka w Publicznym Przedszkolu nr 4 w \u0141asku 11.06.\u2014 zebranie cz\u0142onk\u00f3w 28-29.06 \u2013 Wojew\u00f3dzkie \u015awi\u0119to Amazonek Spartakiada [&hellip;]\" \/>\n<meta property=\"og:url\" content=\"https:\/\/amazonkikolumna.pl\/index.php\/plan-pracy-na-2016-rok\/\" \/>\n<meta property=\"og:site_name\" content=\"Stowarzyszenie Amazonek \u0141ask-Kolumna\" \/>\n<meta property=\"article:modified_time\" content=\"2019-05-30T20:09:48+00:00\" \/>\n<meta name=\"twitter:card\" content=\"summary_large_image\" \/>\n<meta name=\"twitter:label1\" content=\"Szacowany czas czytania\" \/>\n\t<meta name=\"twitter:data1\" content=\"1 minuta\" \/>\n<script type=\"application\/ld+json\" class=\"yoast-schema-graph\">{\"@context\":\"https:\/\/schema.org\",\"@graph\":[{\"@type\":\"WebPage\",\"@id\":\"https:\/\/amazonkikolumna.pl\/index.php\/plan-pracy-na-2016-rok\/\",\"url\":\"https:\/\/amazonkikolumna.pl\/index.php\/plan-pracy-na-2016-rok\/\",\"name\":\"2019 - Stowarzyszenie Amazonek \u0141ask-Kolumna\",\"isPartOf\":{\"@id\":\"https:\/\/amazonkikolumna.pl\/#website\"},\"datePublished\":\"2016-03-14T15:37:36+00:00\",\"dateModified\":\"2019-05-30T20:09:48+00:00\",\"breadcrumb\":{\"@id\":\"https:\/\/amazonkikolumna.pl\/index.php\/plan-pracy-na-2016-rok\/#breadcrumb\"},\"inLanguage\":\"pl-PL\",\"potentialAction\":[{\"@type\":\"ReadAction\",\"target\":[\"https:\/\/amazonkikolumna.pl\/index.php\/plan-pracy-na-2016-rok\/\"]}]},{\"@type\":\"BreadcrumbList\",\"@id\":\"https:\/\/amazonkikolumna.pl\/index.php\/plan-pracy-na-2016-rok\/#breadcrumb\",\"itemListElement\":[{\"@type\":\"ListItem\",\"position\":1,\"name\":\"Strona g\u0142\u00f3wna\",\"item\":\"https:\/\/amazonkikolumna.pl\/\"},{\"@type\":\"ListItem\",\"position\":2,\"name\":\"2019\"}]},{\"@type\":\"WebSite\",\"@id\":\"https:\/\/amazonkikolumna.pl\/#website\",\"url\":\"https:\/\/amazonkikolumna.pl\/\",\"name\":\"Stowarzyszenie Amazonek \u0141ask-Kolumna\",\"description\":\"\u201eCz\u0142owiek jest wielki nie przez to, co ma, nie przez to kim jest, lecz przez to, czym dzieli si\u0119 z innymi\u201d Jan Pawe\u0142 II\",\"publisher\":{\"@id\":\"https:\/\/amazonkikolumna.pl\/#organization\"},\"potentialAction\":[{\"@type\":\"SearchAction\",\"target\":{\"@type\":\"EntryPoint\",\"urlTemplate\":\"https:\/\/amazonkikolumna.pl\/?s={search_term_string}\"},\"query-input\":{\"@type\":\"PropertyValueSpecification\",\"valueRequired\":true,\"valueName\":\"search_term_string\"}}],\"inLanguage\":\"pl-PL\"},{\"@type\":\"Organization\",\"@id\":\"https:\/\/amazonkikolumna.pl\/#organization\",\"name\":\"Stowarzyszenie Amazonek \u0141ask-Kolumna\",\"url\":\"https:\/\/amazonkikolumna.pl\/\",\"logo\":{\"@type\":\"ImageObject\",\"inLanguage\":\"pl-PL\",\"@id\":\"https:\/\/amazonkikolumna.pl\/#\/schema\/logo\/image\/\",\"url\":\"https:\/\/amazonkikolumna.pl\/wp-content\/uploads\/2016\/03\/logo_federacja_header.gif\",\"contentUrl\":\"https:\/\/amazonkikolumna.pl\/wp-content\/uploads\/2016\/03\/logo_federacja_header.gif\",\"width\":94,\"height\":93,\"caption\":\"Stowarzyszenie Amazonek \u0141ask-Kolumna\"},\"image\":{\"@id\":\"https:\/\/amazonkikolumna.pl\/#\/schema\/logo\/image\/\"}}]}<\/script>\n<!-- \/ Yoast SEO plugin. -->","yoast_head_json":{"title":"2019 - Stowarzyszenie Amazonek \u0141ask-Kolumna","robots":{"index":"index","follow":"follow","max-snippet":"max-snippet:-1","max-image-preview":"max-image-preview:large","max-video-preview":"max-video-preview:-1"},"canonical":"https:\/\/amazonkikolumna.pl\/index.php\/plan-pracy-na-2016-rok\/","og_locale":"pl_PL","og_type":"article","og_title":"2019 - Stowarzyszenie Amazonek \u0141ask-Kolumna","og_description":"PROGRAMY REALIZOWANE W 2019 ROKU spotkania na temat profilaktyki nowotwor\u00f3w piersi organizowane dla pracownik\u00f3w urz\u0119d\u00f3w&nbsp;samorz\u0105dowych, pracownik\u00f3w plac\u00f3wek o\u015bwiatowych, zak\u0142ad\u00f3w pracy miasta i gminy \u0141ask. Spotkania te b\u0119d\u0105 odbywa\u0142y si\u0119 w terminach uzgodnionych przez obie strony. od kwietnia do grudnia 2019 r. spotkania z psychologiem, finansowane kwot\u0105 2000 zl przez Urz\u0105d Miejski w \u0141asku. PLAN PRACY NA 2019 ROK STYCZE\u0143 10.01.\u2014 zebranie cz\u0142onk\u00f3w LUTY 14.02.\u2014zebranie cz\u0142onk\u00f3w MARZEC 21.03. \u2013 walne zebranie sprawozdawczo-wyborcze KWIECIE\u0143 11.04.\u2014 zebranie cz\u0142onk\u00f3w MAJ 09.05.\u2014 zebranie cz\u0142onk\u00f3w CZERWIEC 03.06.- obchody Dnia Dziecka w Publicznym Przedszkolu nr 4 w \u0141asku 11.06.\u2014 zebranie cz\u0142onk\u00f3w 28-29.06 \u2013 Wojew\u00f3dzkie \u015awi\u0119to Amazonek Spartakiada [&hellip;]","og_url":"https:\/\/amazonkikolumna.pl\/index.php\/plan-pracy-na-2016-rok\/","og_site_name":"Stowarzyszenie Amazonek \u0141ask-Kolumna","article_modified_time":"2019-05-30T20:09:48+00:00","twitter_card":"summary_large_image","twitter_misc":{"Szacowany czas czytania":"1 minuta"},"schema":{"@context":"https:\/\/schema.org","@graph":[{"@type":"WebPage","@id":"https:\/\/amazonkikolumna.pl\/index.php\/plan-pracy-na-2016-rok\/","url":"https:\/\/amazonkikolumna.pl\/index.php\/plan-pracy-na-2016-rok\/","name":"2019 - Stowarzyszenie Amazonek \u0141ask-Kolumna","isPartOf":{"@id":"https:\/\/amazonkikolumna.pl\/#website"},"datePublished":"2016-03-14T15:37:36+00:00","dateModified":"2019-05-30T20:09:48+00:00","breadcrumb":{"@id":"https:\/\/amazonkikolumna.pl\/index.php\/plan-pracy-na-2016-rok\/#breadcrumb"},"inLanguage":"pl-PL","potentialAction":[{"@type":"ReadAction","target":["https:\/\/amazonkikolumna.pl\/index.php\/plan-pracy-na-2016-rok\/"]}]},{"@type":"BreadcrumbList","@id":"https:\/\/amazonkikolumna.pl\/index.php\/plan-pracy-na-2016-rok\/#breadcrumb","itemListElement":[{"@type":"ListItem","position":1,"name":"Strona g\u0142\u00f3wna","item":"https:\/\/amazonkikolumna.pl\/"},{"@type":"ListItem","position":2,"name":"2019"}]},{"@type":"WebSite","@id":"https:\/\/amazonkikolumna.pl\/#website","url":"https:\/\/amazonkikolumna.pl\/","name":"Stowarzyszenie Amazonek \u0141ask-Kolumna","description":"\u201eCz\u0142owiek jest wielki nie przez to, co ma, nie przez to kim jest, lecz przez to, czym dzieli si\u0119 z innymi\u201d Jan Pawe\u0142 II","publisher":{"@id":"https:\/\/amazonkikolumna.pl\/#organization"},"potentialAction":[{"@type":"SearchAction","target":{"@type":"EntryPoint","urlTemplate":"https:\/\/amazonkikolumna.pl\/?s={search_term_string}"},"query-input":{"@type":"PropertyValueSpecification","valueRequired":true,"valueName":"search_term_string"}}],"inLanguage":"pl-PL"},{"@type":"Organization","@id":"https:\/\/amazonkikolumna.pl\/#organization","name":"Stowarzyszenie Amazonek \u0141ask-Kolumna","url":"https:\/\/amazonkikolumna.pl\/","logo":{"@type":"ImageObject","inLanguage":"pl-PL","@id":"https:\/\/amazonkikolumna.pl\/#\/schema\/logo\/image\/","url":"https:\/\/amazonkikolumna.pl\/wp-content\/uploads\/2016\/03\/logo_federacja_header.gif","contentUrl":"https:\/\/amazonkikolumna.pl\/wp-content\/uploads\/2016\/03\/logo_federacja_header.gif","width":94,"height":93,"caption":"Stowarzyszenie Amazonek \u0141ask-Kolumna"},"image":{"@id":"https:\/\/amazonkikolumna.pl\/#\/schema\/logo\/image\/"}}]}},"_links":{"self":[{"href":"https:\/\/amazonkikolumna.pl\/index.php\/wp-json\/wp\/v2\/pages\/23","targetHints":{"allow":["GET"]}}],"collection":[{"href":"https:\/\/amazonkikolumna.pl\/index.php\/wp-json\/wp\/v2\/pages"}],"about":[{"href":"https:\/\/amazonkikolumna.pl\/index.php\/wp-json\/wp\/v2\/types\/page"}],"author":[{"embeddable":true,"href":"https:\/\/amazonkikolumna.pl\/index.php\/wp-json\/wp\/v2\/users\/4"}],"replies":[{"embeddable":true,"href":"https:\/\/amazonkikolumna.pl\/index.php\/wp-json\/wp\/v2\/comments?post=23"}],"version-history":[{"count":15,"href":"https:\/\/amazonkikolumna.pl\/index.php\/wp-json\/wp\/v2\/pages\/23\/revisions"}],"predecessor-version":[{"id":356,"href":"https:\/\/amazonkikolumna.pl\/index.php\/wp-json\/wp\/v2\/pages\/23\/revisions\/356"}],"wp:attachment":[{"href":"https:\/\/amazonkikolumna.pl\/index.php\/wp-json\/wp\/v2\/media?parent=23"}],"curies":[{"name":"wp","href":"https:\/\/api.w.org\/{rel}","templated":true}]}}