{"id":517,"date":"2020-03-18T17:25:27","date_gmt":"2020-03-18T16:25:27","guid":{"rendered":"https:\/\/amazonkikolumna.pl\/?page_id=517"},"modified":"2020-03-18T17:58:30","modified_gmt":"2020-03-18T16:58:30","slug":"plan-pracy-stowarzyszenia-amazonek-lask-kolumna-na-2020-rok","status":"publish","type":"page","link":"https:\/\/amazonkikolumna.pl\/index.php\/plan-pracy-stowarzyszenia-amazonek-lask-kolumna-na-2020-rok\/","title":{"rendered":"PLAN PRACY STOWARZYSZENIA AMAZONEK \u0141ASK-KOLUMNA  NA 2020 ROK"},"content":{"rendered":"\n<table class=\"aligncenter\" style=\"width: 100%; border-collapse: collapse; border-style: solid; border-color: #000000; height: 1159px;\" border=\"1\">\n<thead>\n<tr style=\"height: 23px;\">\n<td style=\"width: 33.3333%; height: 23px;\">L.p.<\/td>\n<td style=\"width: 33.3333%; height: 23px;\">Termin<\/td>\n<td style=\"width: 33.3333%; height: 23px;\">Dzia\u0142ania<\/td>\n<\/tr>\n<\/thead>\n<tbody>\n<tr style=\"height: 144px;\">\n<td style=\"width: 33.3333%; height: 144px;\">1<\/td>\n<td style=\"width: 33.3333%; height: 144px;\">Stycze\u0144<\/td>\n<td style=\"width: 33.3333%; height: 144px;\">\n<p>Zebranie cz\u0142onk\u00f3w.<\/p>\n<p>Koncert Noworoczny w Dobroniu.<\/p>\n<\/td>\n<\/tr>\n<tr style=\"height: 23px;\">\n<td style=\"width: 33.3333%; height: 23px;\">2<\/td>\n<td style=\"width: 33.3333%; height: 23px;\">Luty<\/td>\n<td style=\"width: 33.3333%; height: 23px;\">Zebranie cz\u0142onk\u00f3w<\/td>\n<\/tr>\n<tr style=\"height: 23px;\">\n<td style=\"width: 33.3333%; height: 23px;\">3<\/td>\n<td style=\"width: 33.3333%; height: 23px;\">Marzec<\/td>\n<td style=\"width: 33.3333%; height: 23px;\">Walne Zebranie Sprawozdawcze.<\/td>\n<\/tr>\n<tr style=\"height: 23px;\">\n<td style=\"width: 33.3333%; height: 23px;\">4<\/td>\n<td style=\"width: 33.3333%; height: 23px;\">Kwiecie\u0144<\/td>\n<td style=\"width: 33.3333%; height: 23px;\">Zebranie cz\u0142onk\u00f3w<\/td>\n<\/tr>\n<tr style=\"height: 173px;\">\n<td style=\"width: 33.3333%; height: 173px;\">5<\/td>\n<td style=\"width: 33.3333%; height: 173px;\">Maj<\/td>\n<td style=\"width: 33.3333%; height: 173px;\">\n<p>Zebranie cz\u0142onk\u00f3w<\/p>\n<p>Wycieczka krajoznawczo-turystyczna na Podlasie (21.05.-\u00a0\u00a0\u00a0\u00a0 24.05.2020 r.)<\/p>\n<\/td>\n<\/tr>\n<tr style=\"height: 173px;\">\n<td style=\"width: 33.3333%; height: 173px;\">6<\/td>\n<td style=\"width: 33.3333%; height: 173px;\">Czerwiec<\/td>\n<td style=\"width: 33.3333%; height: 173px;\">\n<p>Zebranie cz\u0142onk\u00f3w. Jarmark \u0141aski.<\/p>\n<p>Turnus rehabilitacyjno -wypoczynkowy (II po\u0142owa czerwca 2020 r.)<\/p>\n<\/td>\n<\/tr>\n<tr style=\"height: 65px;\">\n<td style=\"width: 33.3333%; height: 65px;\">7<\/td>\n<td style=\"width: 33.3333%; height: 65px;\">Lipiec<\/td>\n<td style=\"width: 33.3333%; height: 65px;\">Spotkanie w plenerze na powitanie lata (imieniny,urodziny amazonek). Termin do ustalenia i miejsce.<\/td>\n<\/tr>\n<tr style=\"height: 87px;\">\n<td style=\"width: 33.3333%; height: 87px;\">8<\/td>\n<td style=\"width: 33.3333%; height: 87px;\">Sierpie\u0144<\/td>\n<td style=\"width: 33.3333%; height: 87px;\">\n<p>Przerwa wakacyjna.<\/p>\n<\/td>\n<\/tr>\n<tr style=\"height: 129px;\">\n<td style=\"width: 33.3333%; height: 129px;\">9<\/td>\n<td style=\"width: 33.3333%; height: 129px;\">Wrzesie\u0144<\/td>\n<td style=\"width: 33.3333%; height: 129px;\">\n<p>Zebranie cz\u0142onk\u00f3w.<\/p>\nPartnerstwo w III edycji\u00a0 Festiwalu Sztuki \u201ePoci\u0105g do Kolumny\u201d.<\/td>\n<\/tr>\n<tr style=\"height: 186px;\">\n<td style=\"width: 33.3333%; height: 186px;\">10<\/td>\n<td style=\"width: 33.3333%; height: 186px;\">Pa\u017adziernik<\/td>\n<td style=\"width: 33.3333%; height: 186px;\">\n<p>Zebranie cz\u0142onk\u00f3w.<\/p>\n<p>Dzie\u0144 \u00a0Onkologii.<\/p>\nOg\u00f3lnopolska Pielgrzymka Amazonek na Jasna G\u00f3r\u0119.<\/td>\n<\/tr>\n<tr style=\"height: 23px;\">\n<td style=\"width: 33.3333%; height: 23px;\">11<\/td>\n<td style=\"width: 33.3333%; height: 23px;\">Listopad<\/td>\n<td style=\"width: 33.3333%; height: 23px;\">Zebranie cz\u0142onk\u00f3w.<\/td>\n<\/tr>\n<tr style=\"height: 87px;\">\n<td style=\"width: 33.3333%; height: 87px;\">12<\/td>\n<td style=\"width: 33.3333%; height: 87px;\">Grudzie\u0144<\/td>\n<td style=\"width: 33.3333%; height: 87px;\" width=\"525\">\n<p>Spotkanie Wigilijne 17.12.2020 r.<\/p>\n<\/td>\n<\/tr>\n<\/tbody>\n<\/table>\n\n\n\n<p><strong>Programy realizowane w 2020 r.<\/strong><br>\u2022 Spotkania na temat profilaktyki nowotwor\u00f3w piersi organizowane dla r\u00f3\u017cnych grup spo\u0142ecznych miasta i powiatu \u0141ask. Spotkania te b\u0119d\u0105 odbywa\u0142y si\u0119 w terminach uzgodnionych przez strony.<\/p>\n\n\n\n<p>\u2022 Cotygodniowa (ka\u017cdy wtorek w godz. 16.30-17.30) rehabilitacja ruchowa finansowana przez Urz\u0105d Miejski w \u0141asku.<\/p>\n\n\n\n<p><br>\u2022 Psychoterapia onkologiczna , 2 zaj\u0119cia warsztatowe i 20 godzin dy\u017cur\u00f3w psychologa w ci\u0105gu roku \u2013 finansowana przez Urz\u0105d Miejski w \u0141asku.<\/p>\n\n\n\n<p><strong>Ponadto planujemy:<\/strong><br>\u2022 Udzia\u0142 w szkoleniach organizowanych przez Federacje<br>Stowarzysze\u0144 Amazonek w Poznaniu.<br>\u2022 Udzia\u0142 w spotkaniach \u0141\u00f3dzkiej Unii Wojew\u00f3dzkiej<br>2 razy w roku.<br>\u2022 Udzia\u0142 w konkursach og\u0142aszanych przez samorz\u0105d<br>wojew\u00f3dzki \u2013 Urz\u0105d Marsza\u0142kowski w \u0141odzi, samorz\u0105d<br>gminny -Urz\u0105d Miejski w \u0141asku i inne.<br>\u2022 Udzia\u0142 w innych dzia\u0142aniach zwi\u0105zanych z dzia\u0142alno\u015bci\u0105<br>statutow\u0105 Stowarzyszenia.<\/p>\n","protected":false},"excerpt":{"rendered":"<p>L.p. Termin Dzia\u0142ania 1 Stycze\u0144 Zebranie cz\u0142onk\u00f3w. Koncert Noworoczny w Dobroniu. 2 Luty Zebranie cz\u0142onk\u00f3w 3 Marzec Walne Zebranie Sprawozdawcze. 4 Kwiecie\u0144 Zebranie cz\u0142onk\u00f3w 5 Maj Zebranie cz\u0142onk\u00f3w Wycieczka krajoznawczo-turystyczna na Podlasie (21.05.-\u00a0\u00a0\u00a0\u00a0 24.05.2020 r.) 6 Czerwiec Zebranie cz\u0142onk\u00f3w. Jarmark \u0141aski. Turnus rehabilitacyjno -wypoczynkowy (II po\u0142owa czerwca 2020 r.) 7 Lipiec Spotkanie w plenerze na powitanie lata (imieniny,urodziny amazonek). Termin do ustalenia i miejsce. 8 Sierpie\u0144 Przerwa wakacyjna. 9 Wrzesie\u0144 Zebranie cz\u0142onk\u00f3w. Partnerstwo w III edycji\u00a0 Festiwalu Sztuki \u201ePoci\u0105g do Kolumny\u201d. 10 Pa\u017adziernik Zebranie cz\u0142onk\u00f3w. Dzie\u0144 \u00a0Onkologii. Og\u00f3lnopolska Pielgrzymka Amazonek na Jasna G\u00f3r\u0119. 11 Listopad Zebranie cz\u0142onk\u00f3w. 12 Grudzie\u0144 Spotkanie [&hellip;]<\/p>\n","protected":false},"author":6,"featured_media":0,"parent":0,"menu_order":0,"comment_status":"closed","ping_status":"closed","template":"","meta":{"footnotes":""},"class_list":["post-517","page","type-page","status-publish","hentry","wpbf-post"],"yoast_head":"<!-- This site is optimized with the Yoast SEO plugin v26.8 - https:\/\/yoast.com\/product\/yoast-seo-wordpress\/ -->\n<title>PLAN PRACY STOWARZYSZENIA AMAZONEK \u0141ASK-KOLUMNA NA 2020 ROK - Stowarzyszenie Amazonek \u0141ask-Kolumna<\/title>\n<meta name=\"robots\" content=\"index, follow, max-snippet:-1, max-image-preview:large, max-video-preview:-1\" \/>\n<link rel=\"canonical\" href=\"https:\/\/amazonkikolumna.pl\/index.php\/plan-pracy-stowarzyszenia-amazonek-lask-kolumna-na-2020-rok\/\" \/>\n<meta property=\"og:locale\" content=\"pl_PL\" \/>\n<meta property=\"og:type\" content=\"article\" \/>\n<meta property=\"og:title\" content=\"PLAN PRACY STOWARZYSZENIA AMAZONEK \u0141ASK-KOLUMNA NA 2020 ROK - Stowarzyszenie Amazonek \u0141ask-Kolumna\" \/>\n<meta property=\"og:description\" content=\"L.p. Termin Dzia\u0142ania 1 Stycze\u0144 Zebranie cz\u0142onk\u00f3w. Koncert Noworoczny w Dobroniu. 2 Luty Zebranie cz\u0142onk\u00f3w 3 Marzec Walne Zebranie Sprawozdawcze. 4 Kwiecie\u0144 Zebranie cz\u0142onk\u00f3w 5 Maj Zebranie cz\u0142onk\u00f3w Wycieczka krajoznawczo-turystyczna na Podlasie (21.05.-\u00a0\u00a0\u00a0\u00a0 24.05.2020 r.) 6 Czerwiec Zebranie cz\u0142onk\u00f3w. Jarmark \u0141aski. Turnus rehabilitacyjno -wypoczynkowy (II po\u0142owa czerwca 2020 r.) 7 Lipiec Spotkanie w plenerze na powitanie lata (imieniny,urodziny amazonek). Termin do ustalenia i miejsce. 8 Sierpie\u0144 Przerwa wakacyjna. 9 Wrzesie\u0144 Zebranie cz\u0142onk\u00f3w. Partnerstwo w III edycji\u00a0 Festiwalu Sztuki \u201ePoci\u0105g do Kolumny\u201d. 10 Pa\u017adziernik Zebranie cz\u0142onk\u00f3w. Dzie\u0144 \u00a0Onkologii. Og\u00f3lnopolska Pielgrzymka Amazonek na Jasna G\u00f3r\u0119. 11 Listopad Zebranie cz\u0142onk\u00f3w. 12 Grudzie\u0144 Spotkanie [&hellip;]\" \/>\n<meta property=\"og:url\" content=\"https:\/\/amazonkikolumna.pl\/index.php\/plan-pracy-stowarzyszenia-amazonek-lask-kolumna-na-2020-rok\/\" \/>\n<meta property=\"og:site_name\" content=\"Stowarzyszenie Amazonek \u0141ask-Kolumna\" \/>\n<meta property=\"article:modified_time\" content=\"2020-03-18T16:58:30+00:00\" \/>\n<meta name=\"twitter:card\" content=\"summary_large_image\" \/>\n<meta name=\"twitter:label1\" content=\"Szacowany czas czytania\" \/>\n\t<meta name=\"twitter:data1\" content=\"1 minuta\" \/>\n<script type=\"application\/ld+json\" class=\"yoast-schema-graph\">{\"@context\":\"https:\/\/schema.org\",\"@graph\":[{\"@type\":\"WebPage\",\"@id\":\"https:\/\/amazonkikolumna.pl\/index.php\/plan-pracy-stowarzyszenia-amazonek-lask-kolumna-na-2020-rok\/\",\"url\":\"https:\/\/amazonkikolumna.pl\/index.php\/plan-pracy-stowarzyszenia-amazonek-lask-kolumna-na-2020-rok\/\",\"name\":\"PLAN PRACY STOWARZYSZENIA AMAZONEK \u0141ASK-KOLUMNA NA 2020 ROK - Stowarzyszenie Amazonek \u0141ask-Kolumna\",\"isPartOf\":{\"@id\":\"https:\/\/amazonkikolumna.pl\/#website\"},\"datePublished\":\"2020-03-18T16:25:27+00:00\",\"dateModified\":\"2020-03-18T16:58:30+00:00\",\"breadcrumb\":{\"@id\":\"https:\/\/amazonkikolumna.pl\/index.php\/plan-pracy-stowarzyszenia-amazonek-lask-kolumna-na-2020-rok\/#breadcrumb\"},\"inLanguage\":\"pl-PL\",\"potentialAction\":[{\"@type\":\"ReadAction\",\"target\":[\"https:\/\/amazonkikolumna.pl\/index.php\/plan-pracy-stowarzyszenia-amazonek-lask-kolumna-na-2020-rok\/\"]}]},{\"@type\":\"BreadcrumbList\",\"@id\":\"https:\/\/amazonkikolumna.pl\/index.php\/plan-pracy-stowarzyszenia-amazonek-lask-kolumna-na-2020-rok\/#breadcrumb\",\"itemListElement\":[{\"@type\":\"ListItem\",\"position\":1,\"name\":\"Strona g\u0142\u00f3wna\",\"item\":\"https:\/\/amazonkikolumna.pl\/\"},{\"@type\":\"ListItem\",\"position\":2,\"name\":\"PLAN PRACY STOWARZYSZENIA AMAZONEK \u0141ASK-KOLUMNA NA 2020 ROK\"}]},{\"@type\":\"WebSite\",\"@id\":\"https:\/\/amazonkikolumna.pl\/#website\",\"url\":\"https:\/\/amazonkikolumna.pl\/\",\"name\":\"Stowarzyszenie Amazonek \u0141ask-Kolumna\",\"description\":\"\u201eCz\u0142owiek jest wielki nie przez to, co ma, nie przez to kim jest, lecz przez to, czym dzieli si\u0119 z innymi\u201d Jan Pawe\u0142 II\",\"publisher\":{\"@id\":\"https:\/\/amazonkikolumna.pl\/#organization\"},\"potentialAction\":[{\"@type\":\"SearchAction\",\"target\":{\"@type\":\"EntryPoint\",\"urlTemplate\":\"https:\/\/amazonkikolumna.pl\/?s={search_term_string}\"},\"query-input\":{\"@type\":\"PropertyValueSpecification\",\"valueRequired\":true,\"valueName\":\"search_term_string\"}}],\"inLanguage\":\"pl-PL\"},{\"@type\":\"Organization\",\"@id\":\"https:\/\/amazonkikolumna.pl\/#organization\",\"name\":\"Stowarzyszenie Amazonek \u0141ask-Kolumna\",\"url\":\"https:\/\/amazonkikolumna.pl\/\",\"logo\":{\"@type\":\"ImageObject\",\"inLanguage\":\"pl-PL\",\"@id\":\"https:\/\/amazonkikolumna.pl\/#\/schema\/logo\/image\/\",\"url\":\"https:\/\/amazonkikolumna.pl\/wp-content\/uploads\/2016\/03\/logo_federacja_header.gif\",\"contentUrl\":\"https:\/\/amazonkikolumna.pl\/wp-content\/uploads\/2016\/03\/logo_federacja_header.gif\",\"width\":94,\"height\":93,\"caption\":\"Stowarzyszenie Amazonek \u0141ask-Kolumna\"},\"image\":{\"@id\":\"https:\/\/amazonkikolumna.pl\/#\/schema\/logo\/image\/\"}}]}<\/script>\n<!-- \/ Yoast SEO plugin. -->","yoast_head_json":{"title":"PLAN PRACY STOWARZYSZENIA AMAZONEK \u0141ASK-KOLUMNA NA 2020 ROK - Stowarzyszenie Amazonek \u0141ask-Kolumna","robots":{"index":"index","follow":"follow","max-snippet":"max-snippet:-1","max-image-preview":"max-image-preview:large","max-video-preview":"max-video-preview:-1"},"canonical":"https:\/\/amazonkikolumna.pl\/index.php\/plan-pracy-stowarzyszenia-amazonek-lask-kolumna-na-2020-rok\/","og_locale":"pl_PL","og_type":"article","og_title":"PLAN PRACY STOWARZYSZENIA AMAZONEK \u0141ASK-KOLUMNA NA 2020 ROK - Stowarzyszenie Amazonek \u0141ask-Kolumna","og_description":"L.p. Termin Dzia\u0142ania 1 Stycze\u0144 Zebranie cz\u0142onk\u00f3w. Koncert Noworoczny w Dobroniu. 2 Luty Zebranie cz\u0142onk\u00f3w 3 Marzec Walne Zebranie Sprawozdawcze. 4 Kwiecie\u0144 Zebranie cz\u0142onk\u00f3w 5 Maj Zebranie cz\u0142onk\u00f3w Wycieczka krajoznawczo-turystyczna na Podlasie (21.05.-\u00a0\u00a0\u00a0\u00a0 24.05.2020 r.) 6 Czerwiec Zebranie cz\u0142onk\u00f3w. Jarmark \u0141aski. Turnus rehabilitacyjno -wypoczynkowy (II po\u0142owa czerwca 2020 r.) 7 Lipiec Spotkanie w plenerze na powitanie lata (imieniny,urodziny amazonek). Termin do ustalenia i miejsce. 8 Sierpie\u0144 Przerwa wakacyjna. 9 Wrzesie\u0144 Zebranie cz\u0142onk\u00f3w. Partnerstwo w III edycji\u00a0 Festiwalu Sztuki \u201ePoci\u0105g do Kolumny\u201d. 10 Pa\u017adziernik Zebranie cz\u0142onk\u00f3w. Dzie\u0144 \u00a0Onkologii. Og\u00f3lnopolska Pielgrzymka Amazonek na Jasna G\u00f3r\u0119. 11 Listopad Zebranie cz\u0142onk\u00f3w. 12 Grudzie\u0144 Spotkanie [&hellip;]","og_url":"https:\/\/amazonkikolumna.pl\/index.php\/plan-pracy-stowarzyszenia-amazonek-lask-kolumna-na-2020-rok\/","og_site_name":"Stowarzyszenie Amazonek \u0141ask-Kolumna","article_modified_time":"2020-03-18T16:58:30+00:00","twitter_card":"summary_large_image","twitter_misc":{"Szacowany czas czytania":"1 minuta"},"schema":{"@context":"https:\/\/schema.org","@graph":[{"@type":"WebPage","@id":"https:\/\/amazonkikolumna.pl\/index.php\/plan-pracy-stowarzyszenia-amazonek-lask-kolumna-na-2020-rok\/","url":"https:\/\/amazonkikolumna.pl\/index.php\/plan-pracy-stowarzyszenia-amazonek-lask-kolumna-na-2020-rok\/","name":"PLAN PRACY STOWARZYSZENIA AMAZONEK \u0141ASK-KOLUMNA NA 2020 ROK - Stowarzyszenie Amazonek \u0141ask-Kolumna","isPartOf":{"@id":"https:\/\/amazonkikolumna.pl\/#website"},"datePublished":"2020-03-18T16:25:27+00:00","dateModified":"2020-03-18T16:58:30+00:00","breadcrumb":{"@id":"https:\/\/amazonkikolumna.pl\/index.php\/plan-pracy-stowarzyszenia-amazonek-lask-kolumna-na-2020-rok\/#breadcrumb"},"inLanguage":"pl-PL","potentialAction":[{"@type":"ReadAction","target":["https:\/\/amazonkikolumna.pl\/index.php\/plan-pracy-stowarzyszenia-amazonek-lask-kolumna-na-2020-rok\/"]}]},{"@type":"BreadcrumbList","@id":"https:\/\/amazonkikolumna.pl\/index.php\/plan-pracy-stowarzyszenia-amazonek-lask-kolumna-na-2020-rok\/#breadcrumb","itemListElement":[{"@type":"ListItem","position":1,"name":"Strona g\u0142\u00f3wna","item":"https:\/\/amazonkikolumna.pl\/"},{"@type":"ListItem","position":2,"name":"PLAN PRACY STOWARZYSZENIA AMAZONEK \u0141ASK-KOLUMNA NA 2020 ROK"}]},{"@type":"WebSite","@id":"https:\/\/amazonkikolumna.pl\/#website","url":"https:\/\/amazonkikolumna.pl\/","name":"Stowarzyszenie Amazonek \u0141ask-Kolumna","description":"\u201eCz\u0142owiek jest wielki nie przez to, co ma, nie przez to kim jest, lecz przez to, czym dzieli si\u0119 z innymi\u201d Jan Pawe\u0142 II","publisher":{"@id":"https:\/\/amazonkikolumna.pl\/#organization"},"potentialAction":[{"@type":"SearchAction","target":{"@type":"EntryPoint","urlTemplate":"https:\/\/amazonkikolumna.pl\/?s={search_term_string}"},"query-input":{"@type":"PropertyValueSpecification","valueRequired":true,"valueName":"search_term_string"}}],"inLanguage":"pl-PL"},{"@type":"Organization","@id":"https:\/\/amazonkikolumna.pl\/#organization","name":"Stowarzyszenie Amazonek \u0141ask-Kolumna","url":"https:\/\/amazonkikolumna.pl\/","logo":{"@type":"ImageObject","inLanguage":"pl-PL","@id":"https:\/\/amazonkikolumna.pl\/#\/schema\/logo\/image\/","url":"https:\/\/amazonkikolumna.pl\/wp-content\/uploads\/2016\/03\/logo_federacja_header.gif","contentUrl":"https:\/\/amazonkikolumna.pl\/wp-content\/uploads\/2016\/03\/logo_federacja_header.gif","width":94,"height":93,"caption":"Stowarzyszenie Amazonek \u0141ask-Kolumna"},"image":{"@id":"https:\/\/amazonkikolumna.pl\/#\/schema\/logo\/image\/"}}]}},"_links":{"self":[{"href":"https:\/\/amazonkikolumna.pl\/index.php\/wp-json\/wp\/v2\/pages\/517","targetHints":{"allow":["GET"]}}],"collection":[{"href":"https:\/\/amazonkikolumna.pl\/index.php\/wp-json\/wp\/v2\/pages"}],"about":[{"href":"https:\/\/amazonkikolumna.pl\/index.php\/wp-json\/wp\/v2\/types\/page"}],"author":[{"embeddable":true,"href":"https:\/\/amazonkikolumna.pl\/index.php\/wp-json\/wp\/v2\/users\/6"}],"replies":[{"embeddable":true,"href":"https:\/\/amazonkikolumna.pl\/index.php\/wp-json\/wp\/v2\/comments?post=517"}],"version-history":[{"count":8,"href":"https:\/\/amazonkikolumna.pl\/index.php\/wp-json\/wp\/v2\/pages\/517\/revisions"}],"predecessor-version":[{"id":530,"href":"https:\/\/amazonkikolumna.pl\/index.php\/wp-json\/wp\/v2\/pages\/517\/revisions\/530"}],"wp:attachment":[{"href":"https:\/\/amazonkikolumna.pl\/index.php\/wp-json\/wp\/v2\/media?parent=517"}],"curies":[{"name":"wp","href":"https:\/\/api.w.org\/{rel}","templated":true}]}}