{"id":651,"date":"2022-06-02T10:25:25","date_gmt":"2022-06-02T08:25:25","guid":{"rendered":"https:\/\/amazonkikolumna.pl\/?page_id=651"},"modified":"2023-05-19T23:13:56","modified_gmt":"2023-05-19T21:13:56","slug":"plan-pracy-na-2022-rok","status":"publish","type":"page","link":"https:\/\/amazonkikolumna.pl\/index.php\/plan-pracy-na-2022-rok\/","title":{"rendered":"Plan pracy na 2022 rok"},"content":{"rendered":"<table style=\"width: 101%;\" width=\"101%\">\n<tbody>\n<tr>\n<td style=\"width: 5.36649%;\" width=\"44\"><strong>Lp.<\/strong><\/td>\n<td style=\"width: 14.7906%;\" width=\"116\"><strong>Termin<\/strong><\/td>\n<td style=\"width: 78.1413%;\" colspan=\"3\" width=\"525\"><strong>Dzia\u0142ania<\/strong><\/p>\n<p>&nbsp;<\/td>\n<\/tr>\n<tr>\n<td style=\"width: 5.36649%;\" width=\"44\"><strong> 1.<\/strong><\/td>\n<td style=\"width: 14.7906%;\" width=\"116\"><strong> Stycze\u0144<\/strong><\/td>\n<td style=\"width: 78.1413%;\" colspan=\"3\" width=\"525\">Zebranie cz\u0142onk\u00f3w.<\/p>\n<p>Spotkanie z cz\u0142onkami Stowarzyszenia Emeryt\u00f3w i Rencist\u00f3w nt. Profilaktyki raka piersi, nauka samobadania.<\/td>\n<\/tr>\n<tr>\n<td style=\"width: 5.36649%;\" width=\"44\"><strong>2.<\/strong><\/td>\n<td style=\"width: 14.7906%;\" width=\"116\"><strong>Luty<\/strong><\/td>\n<td style=\"width: 78.1413%;\" colspan=\"3\" width=\"525\">Brak dzia\u0142a\u0144 z powodu pandemii .<\/td>\n<\/tr>\n<tr>\n<td style=\"width: 5.36649%;\" width=\"44\"><strong>3.<\/strong><\/td>\n<td style=\"width: 14.7906%;\" width=\"116\"><strong>Marzec<\/strong><\/td>\n<td style=\"width: 78.1413%;\" colspan=\"3\" width=\"525\">Walne Zebranie Sprawozdawczo-Wyborcze.<\/p>\n<p>Spotkanie z konsultantkami i dyrekcj\u0105 Firmy\u201eFarmasi\u201d po\u0142\u0105czone z pogadank\u0105 nt. \u201dProfilaktyka raka piersi\u201d.<\/p>\n<p>Zebranie cz\u0142onk\u00f3w, przedstawienie propozycji pracy nowego\u00a0 zarz\u0105du Stowarzyszenia.<\/td>\n<\/tr>\n<tr>\n<td style=\"width: 5.36649%;\" width=\"44\"><strong>4.<\/strong><\/td>\n<td style=\"width: 14.7906%;\" width=\"116\"><strong>Kwiecie\u0144<\/strong><\/td>\n<td style=\"width: 78.1413%;\" colspan=\"3\" width=\"525\">Zebranie cz\u0142onk\u00f3w. Spotkanie cz\u0142onk\u00f3w Stowarzyszenia<\/p>\n<p>\u201ePrzy jajeczku na Wielkanoc\u201d. Spotkanie \u0141\u00f3dzkiej Unii Wojew\u00f3dzkiej.<\/p>\n<p>Spotkanie grupowe z psychologiem.<\/p>\n<p>&nbsp;<\/td>\n<\/tr>\n<tr>\n<td style=\"width: 5.36649%;\" width=\"44\"><strong>5.<\/strong><\/td>\n<td style=\"width: 14.7906%;\" width=\"116\"><strong>Maj<\/strong><\/td>\n<td style=\"width: 78.1413%;\" colspan=\"3\" width=\"525\">Zebranie cz\u0142onk\u00f3w.<\/p>\n<p>Wycieczka integracyjna, krajoznawczo-turystyczna<\/p>\n<p>na Mazury (19.05.- 22.05.2022 r.). Dzia\u0142ania profilaktyczne<\/p>\n<p>w wybranych ko\u0142ach gospody\u0144 wiejskich na terenie Powiatu \u0141askiego.<\/td>\n<\/tr>\n<tr>\n<td style=\"width: 5.36649%;\" width=\"44\"><strong>6.<\/strong><\/td>\n<td style=\"width: 14.7906%;\" width=\"116\"><strong>Czerwiec<\/strong><\/td>\n<td style=\"width: 78.1413%;\" colspan=\"3\" width=\"525\">Zebranie cz\u0142onk\u00f3w. Jarmark \u0141aski 04.06.-05.06.2022r., stoisko -profilaktyka raka piersi , nauka samobadania, materia\u0142y broszury dot. raka piersi.<\/p>\n<p>Dzie\u0144 \u201eOtwarte Drzwi\u201d, promocja dzia\u0142a\u0144 Stowarzyszenia i \u00a0dzia\u0142ania zwi\u0105zane z profilaktyk\u0105 i nauk\u0105 samobadania piersi dla mieszka\u0144c\u00f3w \u0141asku i okolic.<\/td>\n<\/tr>\n<tr>\n<td style=\"width: 5.36649%;\" width=\"44\"><strong>7.<\/strong><\/td>\n<td style=\"width: 14.7906%;\" width=\"116\"><strong> Lipiec<\/strong><\/td>\n<td style=\"width: 48.2984%;\" width=\"525\">\u00a0Spotkanie w plenerze na powitanie lata (imieniny, urodziny amazonek). Termin do ustalenia i miejsce.<\/td>\n<td style=\"width: 28.7958%;\"><\/td>\n<td style=\"width: 1.04712%;\"><\/td>\n<\/tr>\n<tr>\n<td style=\"width: 5.36649%;\" width=\"44\"><strong>8.<\/strong><\/td>\n<td style=\"width: 14.7906%;\" width=\"116\"><strong> Sierpie\u0144<\/strong><\/td>\n<td style=\"width: 78.1413%;\" colspan=\"3\" width=\"525\">Przerwa wakacyjna .<\/p>\n<p>&nbsp;<\/td>\n<\/tr>\n<tr>\n<td style=\"width: 5.36649%;\" width=\"44\"><strong>9.<\/strong><\/td>\n<td style=\"width: 14.7906%;\" width=\"116\"><strong>Wrzesie\u0144<\/strong><\/td>\n<td style=\"width: 78.1413%;\" colspan=\"3\" width=\"525\">Zebranie cz\u0142onk\u00f3w.<\/p>\n<p>Partnerstwo w III edycji Festiwalu Sztuki \u201ePoci\u0105g do Kolumny\u201d<\/p>\n<p>w dniach 10.09.11.09.2022 r. Spotkanie plenerowe cz\u0142onk\u00f3w\u00a0\u00a0\u00a0 \u201dPo\u017cegnanie Lata\u201d. Udzia\u0142 w Spartakiadzie \u0141\u00f3dzkiej Unii Wojew\u00f3dzkiej w Opocznie w dniu 17.09.2022 r.<\/td>\n<\/tr>\n<tr>\n<td style=\"width: 5.36649%;\" width=\"44\"><strong>10.<\/strong><\/td>\n<td style=\"width: 14.7906%;\" width=\"116\"><strong>Pa\u017adziernik<\/strong><\/td>\n<td style=\"width: 48.2984%;\" width=\"525\">\u00a0Zebranie cz\u0142onk\u00f3w.<\/p>\n<p>Og\u00f3lnopolska Pielgrzymka Amazonek na Jasna G\u00f3r\u0119.<\/p>\n<p>Drzwi Otwarte pod has\u0142em \u201eR\u00f3\u017cowy Pa\u017adziernik\u201d-profilaktyka i nauka samobadania piersi, spotkanie z psychologiem.<\/p>\n<p>Msza \u015bwi\u0119ta w intencji kobiet dotkni\u0119tych chorob\u0105 nowotworow\u0105, za kobiety, kt\u00f3re odesz\u0142y\u2026<\/td>\n<td style=\"width: 28.7958%;\"><\/td>\n<td style=\"width: 1.04712%;\"><\/td>\n<\/tr>\n<tr>\n<td style=\"width: 5.36649%;\" width=\"44\"><strong>11.<\/strong><\/td>\n<td style=\"width: 14.7906%;\" width=\"116\"><strong> Listopad<\/strong><\/td>\n<td style=\"width: 48.2984%;\" width=\"525\">\u00a0Zebranie cz\u0142onk\u00f3w. Spotkanie grupowe i indywidualne z psychologiem. Dzia\u0142ania profilaktyczne raka piersi w wybranych szko\u0142ach \u015brednich i ko\u0142ach gospody\u0144 wiejskich z Powiatu \u0141askiego.<\/p>\n<p>Spotkanie Andrzejkowe.<\/td>\n<td style=\"width: 28.7958%;\"><\/td>\n<td style=\"width: 1.04712%;\"><\/td>\n<\/tr>\n<tr>\n<td style=\"width: 5.36649%;\" width=\"44\"><strong>12.<\/strong><\/td>\n<td style=\"width: 14.7906%;\" width=\"116\"><strong> Grudzie\u0144<\/strong><\/td>\n<td style=\"width: 78.1413%;\" colspan=\"3\" width=\"525\">Zebranie cz\u0142onk\u00f3w. Spotkanie Wigilijne.<\/td>\n<\/tr>\n<tr>\n<td style=\"width: 68.4555%;\" colspan=\"3\" width=\"339\">Programy realizowane w 2022 r.<\/p>\n<ul>\n<li>Spotkania na temat profilaktyki nowotwor\u00f3w piersi organizowane dla r\u00f3\u017cnych grup spo\u0142ecznych Miasta i Powiatu \u0141ask. Spotkania te b\u0119d\u0105 odbywa\u0142y si\u0119 w terminach uzgodnionych przez strony.<\/li>\n<\/ul>\n<p>&nbsp;<\/p>\n<ul>\n<li>Cotygodniowa (ka\u017cdy wtorek w godz. 16.00-17.00) rehabilitacja ruchowa finansowana przez Urz\u0105d Miejski w \u0141asku.<\/li>\n<\/ul>\n<p>&nbsp;<\/p>\n<p>&nbsp;<\/p>\n<ul>\n<li>Psychoterapia onkologiczna z psychologiem w ci\u0105gu roku \u2013 finansowana przez Urz\u0105d Miejski w \u0141asku<\/li>\n<\/ul>\n<\/td>\n<td style=\"width: 28.7958%;\" width=\"339\"><\/td>\n<td style=\"width: 1.04712%;\" width=\"7\"><\/td>\n<\/tr>\n<\/tbody>\n<\/table>\n<p>&nbsp;<\/p>\n<p>Ponadto planujemy:<\/p>\n<ul>\n<li>Udzia\u0142 w szkoleniach organizowanych przez Federacje Stowarzysze\u0144 Amazonek w Poznaniu.<\/li>\n<\/ul>\n<ul>\n<li>Udzia\u0142 w spotkaniach \u0141\u00f3dzkiej Unii Wojew\u00f3dzkiej<\/li>\n<li>Udzia\u0142 w konkursach og\u0142aszanych przez samorz\u0105d wojew\u00f3dzki \u2013 Urz\u0105d Marsza\u0142kowski w \u0141odzi, samorz\u0105d gminny -Urz\u0105d Miejski w \u0141asku i inne.<\/li>\n<\/ul>\n<ul>\n<li>Udzia\u0142 w innych dzia\u0142aniach zwi\u0105zanych z dzia\u0142alno\u015bci\u0105 statutow\u0105 Stowarzyszenia.<\/li>\n<\/ul>\n<p>&nbsp;<\/p>\n<p>Prezes Stowarzyszenia<\/p>\n<p>Amazonek \u0141ask-Kolumna<br \/>\n<strong>Jolanta Owczarek<\/strong><\/p>\n","protected":false},"excerpt":{"rendered":"<p>Lp. Termin Dzia\u0142ania &nbsp; 1. Stycze\u0144 Zebranie cz\u0142onk\u00f3w. Spotkanie z cz\u0142onkami Stowarzyszenia Emeryt\u00f3w i Rencist\u00f3w nt. Profilaktyki raka piersi, nauka samobadania. 2. Luty Brak dzia\u0142a\u0144 z powodu pandemii . 3. Marzec Walne Zebranie Sprawozdawczo-Wyborcze. Spotkanie z konsultantkami i dyrekcj\u0105 Firmy\u201eFarmasi\u201d po\u0142\u0105czone z pogadank\u0105 nt. \u201dProfilaktyka raka piersi\u201d. Zebranie cz\u0142onk\u00f3w, przedstawienie propozycji pracy nowego\u00a0 zarz\u0105du Stowarzyszenia. 4. Kwiecie\u0144 Zebranie cz\u0142onk\u00f3w. Spotkanie cz\u0142onk\u00f3w Stowarzyszenia \u201ePrzy jajeczku na Wielkanoc\u201d. Spotkanie \u0141\u00f3dzkiej Unii Wojew\u00f3dzkiej. Spotkanie grupowe z psychologiem. &nbsp; 5. Maj Zebranie cz\u0142onk\u00f3w. Wycieczka integracyjna, krajoznawczo-turystyczna na Mazury (19.05.- 22.05.2022 r.). Dzia\u0142ania profilaktyczne w wybranych ko\u0142ach gospody\u0144 wiejskich na terenie Powiatu \u0141askiego. 6. Czerwiec [&hellip;]<\/p>\n","protected":false},"author":6,"featured_media":0,"parent":0,"menu_order":0,"comment_status":"closed","ping_status":"closed","template":"","meta":{"footnotes":""},"class_list":["post-651","page","type-page","status-publish","hentry","wpbf-post"],"yoast_head":"<!-- This site is optimized with the Yoast SEO plugin v26.8 - https:\/\/yoast.com\/product\/yoast-seo-wordpress\/ -->\n<title>Plan pracy na 2022 rok - Stowarzyszenie Amazonek \u0141ask-Kolumna<\/title>\n<meta name=\"robots\" content=\"index, follow, max-snippet:-1, max-image-preview:large, max-video-preview:-1\" \/>\n<link rel=\"canonical\" href=\"https:\/\/amazonkikolumna.pl\/index.php\/plan-pracy-na-2022-rok\/\" \/>\n<meta property=\"og:locale\" content=\"pl_PL\" \/>\n<meta property=\"og:type\" content=\"article\" \/>\n<meta property=\"og:title\" content=\"Plan pracy na 2022 rok - Stowarzyszenie Amazonek \u0141ask-Kolumna\" \/>\n<meta property=\"og:description\" content=\"Lp. Termin Dzia\u0142ania &nbsp; 1. Stycze\u0144 Zebranie cz\u0142onk\u00f3w. Spotkanie z cz\u0142onkami Stowarzyszenia Emeryt\u00f3w i Rencist\u00f3w nt. Profilaktyki raka piersi, nauka samobadania. 2. Luty Brak dzia\u0142a\u0144 z powodu pandemii . 3. Marzec Walne Zebranie Sprawozdawczo-Wyborcze. Spotkanie z konsultantkami i dyrekcj\u0105 Firmy\u201eFarmasi\u201d po\u0142\u0105czone z pogadank\u0105 nt. \u201dProfilaktyka raka piersi\u201d. Zebranie cz\u0142onk\u00f3w, przedstawienie propozycji pracy nowego\u00a0 zarz\u0105du Stowarzyszenia. 4. Kwiecie\u0144 Zebranie cz\u0142onk\u00f3w. Spotkanie cz\u0142onk\u00f3w Stowarzyszenia \u201ePrzy jajeczku na Wielkanoc\u201d. Spotkanie \u0141\u00f3dzkiej Unii Wojew\u00f3dzkiej. Spotkanie grupowe z psychologiem. &nbsp; 5. Maj Zebranie cz\u0142onk\u00f3w. Wycieczka integracyjna, krajoznawczo-turystyczna na Mazury (19.05.- 22.05.2022 r.). Dzia\u0142ania profilaktyczne w wybranych ko\u0142ach gospody\u0144 wiejskich na terenie Powiatu \u0141askiego. 6. Czerwiec [&hellip;]\" \/>\n<meta property=\"og:url\" content=\"https:\/\/amazonkikolumna.pl\/index.php\/plan-pracy-na-2022-rok\/\" \/>\n<meta property=\"og:site_name\" content=\"Stowarzyszenie Amazonek \u0141ask-Kolumna\" \/>\n<meta property=\"article:modified_time\" content=\"2023-05-19T21:13:56+00:00\" \/>\n<meta name=\"twitter:card\" content=\"summary_large_image\" \/>\n<meta name=\"twitter:label1\" content=\"Szacowany czas czytania\" \/>\n\t<meta name=\"twitter:data1\" content=\"3 minuty\" \/>\n<script type=\"application\/ld+json\" class=\"yoast-schema-graph\">{\"@context\":\"https:\/\/schema.org\",\"@graph\":[{\"@type\":\"WebPage\",\"@id\":\"https:\/\/amazonkikolumna.pl\/index.php\/plan-pracy-na-2022-rok\/\",\"url\":\"https:\/\/amazonkikolumna.pl\/index.php\/plan-pracy-na-2022-rok\/\",\"name\":\"Plan pracy na 2022 rok - Stowarzyszenie Amazonek \u0141ask-Kolumna\",\"isPartOf\":{\"@id\":\"https:\/\/amazonkikolumna.pl\/#website\"},\"datePublished\":\"2022-06-02T08:25:25+00:00\",\"dateModified\":\"2023-05-19T21:13:56+00:00\",\"breadcrumb\":{\"@id\":\"https:\/\/amazonkikolumna.pl\/index.php\/plan-pracy-na-2022-rok\/#breadcrumb\"},\"inLanguage\":\"pl-PL\",\"potentialAction\":[{\"@type\":\"ReadAction\",\"target\":[\"https:\/\/amazonkikolumna.pl\/index.php\/plan-pracy-na-2022-rok\/\"]}]},{\"@type\":\"BreadcrumbList\",\"@id\":\"https:\/\/amazonkikolumna.pl\/index.php\/plan-pracy-na-2022-rok\/#breadcrumb\",\"itemListElement\":[{\"@type\":\"ListItem\",\"position\":1,\"name\":\"Strona g\u0142\u00f3wna\",\"item\":\"https:\/\/amazonkikolumna.pl\/\"},{\"@type\":\"ListItem\",\"position\":2,\"name\":\"Plan pracy na 2022 rok\"}]},{\"@type\":\"WebSite\",\"@id\":\"https:\/\/amazonkikolumna.pl\/#website\",\"url\":\"https:\/\/amazonkikolumna.pl\/\",\"name\":\"Stowarzyszenie Amazonek \u0141ask-Kolumna\",\"description\":\"\u201eCz\u0142owiek jest wielki nie przez to, co ma, nie przez to kim jest, lecz przez to, czym dzieli si\u0119 z innymi\u201d Jan Pawe\u0142 II\",\"publisher\":{\"@id\":\"https:\/\/amazonkikolumna.pl\/#organization\"},\"potentialAction\":[{\"@type\":\"SearchAction\",\"target\":{\"@type\":\"EntryPoint\",\"urlTemplate\":\"https:\/\/amazonkikolumna.pl\/?s={search_term_string}\"},\"query-input\":{\"@type\":\"PropertyValueSpecification\",\"valueRequired\":true,\"valueName\":\"search_term_string\"}}],\"inLanguage\":\"pl-PL\"},{\"@type\":\"Organization\",\"@id\":\"https:\/\/amazonkikolumna.pl\/#organization\",\"name\":\"Stowarzyszenie Amazonek \u0141ask-Kolumna\",\"url\":\"https:\/\/amazonkikolumna.pl\/\",\"logo\":{\"@type\":\"ImageObject\",\"inLanguage\":\"pl-PL\",\"@id\":\"https:\/\/amazonkikolumna.pl\/#\/schema\/logo\/image\/\",\"url\":\"https:\/\/amazonkikolumna.pl\/wp-content\/uploads\/2016\/03\/logo_federacja_header.gif\",\"contentUrl\":\"https:\/\/amazonkikolumna.pl\/wp-content\/uploads\/2016\/03\/logo_federacja_header.gif\",\"width\":94,\"height\":93,\"caption\":\"Stowarzyszenie Amazonek \u0141ask-Kolumna\"},\"image\":{\"@id\":\"https:\/\/amazonkikolumna.pl\/#\/schema\/logo\/image\/\"}}]}<\/script>\n<!-- \/ Yoast SEO plugin. -->","yoast_head_json":{"title":"Plan pracy na 2022 rok - Stowarzyszenie Amazonek \u0141ask-Kolumna","robots":{"index":"index","follow":"follow","max-snippet":"max-snippet:-1","max-image-preview":"max-image-preview:large","max-video-preview":"max-video-preview:-1"},"canonical":"https:\/\/amazonkikolumna.pl\/index.php\/plan-pracy-na-2022-rok\/","og_locale":"pl_PL","og_type":"article","og_title":"Plan pracy na 2022 rok - Stowarzyszenie Amazonek \u0141ask-Kolumna","og_description":"Lp. Termin Dzia\u0142ania &nbsp; 1. Stycze\u0144 Zebranie cz\u0142onk\u00f3w. Spotkanie z cz\u0142onkami Stowarzyszenia Emeryt\u00f3w i Rencist\u00f3w nt. Profilaktyki raka piersi, nauka samobadania. 2. Luty Brak dzia\u0142a\u0144 z powodu pandemii . 3. Marzec Walne Zebranie Sprawozdawczo-Wyborcze. Spotkanie z konsultantkami i dyrekcj\u0105 Firmy\u201eFarmasi\u201d po\u0142\u0105czone z pogadank\u0105 nt. \u201dProfilaktyka raka piersi\u201d. Zebranie cz\u0142onk\u00f3w, przedstawienie propozycji pracy nowego\u00a0 zarz\u0105du Stowarzyszenia. 4. Kwiecie\u0144 Zebranie cz\u0142onk\u00f3w. Spotkanie cz\u0142onk\u00f3w Stowarzyszenia \u201ePrzy jajeczku na Wielkanoc\u201d. Spotkanie \u0141\u00f3dzkiej Unii Wojew\u00f3dzkiej. Spotkanie grupowe z psychologiem. &nbsp; 5. Maj Zebranie cz\u0142onk\u00f3w. Wycieczka integracyjna, krajoznawczo-turystyczna na Mazury (19.05.- 22.05.2022 r.). Dzia\u0142ania profilaktyczne w wybranych ko\u0142ach gospody\u0144 wiejskich na terenie Powiatu \u0141askiego. 6. Czerwiec [&hellip;]","og_url":"https:\/\/amazonkikolumna.pl\/index.php\/plan-pracy-na-2022-rok\/","og_site_name":"Stowarzyszenie Amazonek \u0141ask-Kolumna","article_modified_time":"2023-05-19T21:13:56+00:00","twitter_card":"summary_large_image","twitter_misc":{"Szacowany czas czytania":"3 minuty"},"schema":{"@context":"https:\/\/schema.org","@graph":[{"@type":"WebPage","@id":"https:\/\/amazonkikolumna.pl\/index.php\/plan-pracy-na-2022-rok\/","url":"https:\/\/amazonkikolumna.pl\/index.php\/plan-pracy-na-2022-rok\/","name":"Plan pracy na 2022 rok - Stowarzyszenie Amazonek \u0141ask-Kolumna","isPartOf":{"@id":"https:\/\/amazonkikolumna.pl\/#website"},"datePublished":"2022-06-02T08:25:25+00:00","dateModified":"2023-05-19T21:13:56+00:00","breadcrumb":{"@id":"https:\/\/amazonkikolumna.pl\/index.php\/plan-pracy-na-2022-rok\/#breadcrumb"},"inLanguage":"pl-PL","potentialAction":[{"@type":"ReadAction","target":["https:\/\/amazonkikolumna.pl\/index.php\/plan-pracy-na-2022-rok\/"]}]},{"@type":"BreadcrumbList","@id":"https:\/\/amazonkikolumna.pl\/index.php\/plan-pracy-na-2022-rok\/#breadcrumb","itemListElement":[{"@type":"ListItem","position":1,"name":"Strona g\u0142\u00f3wna","item":"https:\/\/amazonkikolumna.pl\/"},{"@type":"ListItem","position":2,"name":"Plan pracy na 2022 rok"}]},{"@type":"WebSite","@id":"https:\/\/amazonkikolumna.pl\/#website","url":"https:\/\/amazonkikolumna.pl\/","name":"Stowarzyszenie Amazonek \u0141ask-Kolumna","description":"\u201eCz\u0142owiek jest wielki nie przez to, co ma, nie przez to kim jest, lecz przez to, czym dzieli si\u0119 z innymi\u201d Jan Pawe\u0142 II","publisher":{"@id":"https:\/\/amazonkikolumna.pl\/#organization"},"potentialAction":[{"@type":"SearchAction","target":{"@type":"EntryPoint","urlTemplate":"https:\/\/amazonkikolumna.pl\/?s={search_term_string}"},"query-input":{"@type":"PropertyValueSpecification","valueRequired":true,"valueName":"search_term_string"}}],"inLanguage":"pl-PL"},{"@type":"Organization","@id":"https:\/\/amazonkikolumna.pl\/#organization","name":"Stowarzyszenie Amazonek \u0141ask-Kolumna","url":"https:\/\/amazonkikolumna.pl\/","logo":{"@type":"ImageObject","inLanguage":"pl-PL","@id":"https:\/\/amazonkikolumna.pl\/#\/schema\/logo\/image\/","url":"https:\/\/amazonkikolumna.pl\/wp-content\/uploads\/2016\/03\/logo_federacja_header.gif","contentUrl":"https:\/\/amazonkikolumna.pl\/wp-content\/uploads\/2016\/03\/logo_federacja_header.gif","width":94,"height":93,"caption":"Stowarzyszenie Amazonek \u0141ask-Kolumna"},"image":{"@id":"https:\/\/amazonkikolumna.pl\/#\/schema\/logo\/image\/"}}]}},"_links":{"self":[{"href":"https:\/\/amazonkikolumna.pl\/index.php\/wp-json\/wp\/v2\/pages\/651","targetHints":{"allow":["GET"]}}],"collection":[{"href":"https:\/\/amazonkikolumna.pl\/index.php\/wp-json\/wp\/v2\/pages"}],"about":[{"href":"https:\/\/amazonkikolumna.pl\/index.php\/wp-json\/wp\/v2\/types\/page"}],"author":[{"embeddable":true,"href":"https:\/\/amazonkikolumna.pl\/index.php\/wp-json\/wp\/v2\/users\/6"}],"replies":[{"embeddable":true,"href":"https:\/\/amazonkikolumna.pl\/index.php\/wp-json\/wp\/v2\/comments?post=651"}],"version-history":[{"count":3,"href":"https:\/\/amazonkikolumna.pl\/index.php\/wp-json\/wp\/v2\/pages\/651\/revisions"}],"predecessor-version":[{"id":700,"href":"https:\/\/amazonkikolumna.pl\/index.php\/wp-json\/wp\/v2\/pages\/651\/revisions\/700"}],"wp:attachment":[{"href":"https:\/\/amazonkikolumna.pl\/index.php\/wp-json\/wp\/v2\/media?parent=651"}],"curies":[{"name":"wp","href":"https:\/\/api.w.org\/{rel}","templated":true}]}}