{"id":693,"date":"2023-05-19T22:46:53","date_gmt":"2023-05-19T20:46:53","guid":{"rendered":"https:\/\/amazonkikolumna.pl\/?page_id=693"},"modified":"2023-05-19T23:08:33","modified_gmt":"2023-05-19T21:08:33","slug":"plan-pracy-na-2023-rok","status":"publish","type":"page","link":"https:\/\/amazonkikolumna.pl\/index.php\/plan-pracy-na-2023-rok\/","title":{"rendered":"Plan pracy na 2023 rok"},"content":{"rendered":"<table style=\"width: 101%;\" width=\"101%\">\n<tbody>\n<tr>\n<td style=\"width: 5.16898%;\" width=\"44\"><span style=\"font-family: comic sans ms, sans-serif; font-size: 14pt;\"><strong>Lp.<\/strong><\/span><\/td>\n<td style=\"width: 10.1392%;\" width=\"116\"><span style=\"font-family: comic sans ms, sans-serif; font-size: 14pt;\"><strong>Termin<\/strong><\/span><\/td>\n<td style=\"width: 83.6978%; text-align: center;\" width=\"525\"><span style=\"font-family: comic sans ms, sans-serif; font-size: 14pt;\"><strong>Dzia\u0142ania<\/strong><\/span><\/td>\n<\/tr>\n<tr>\n<td style=\"width: 5.16898%;\" width=\"44\"><span style=\"font-size: 12pt; font-family: comic sans ms, sans-serif;\"><strong>1.<\/strong><\/span><\/td>\n<td style=\"width: 10.1392%;\" width=\"116\"><span style=\"font-family: comic sans ms, sans-serif;\"><strong>Stycze\u0144<\/strong><\/span><\/td>\n<td style=\"width: 83.6978%; text-align: center;\" width=\"525\"><span style=\"font-family: comic sans ms, sans-serif;\">Spotkanie noworoczne cz\u0142onk\u00f3w Stowarzyszenia.<\/span><\/p>\n<p><span style=\"font-family: comic sans ms, sans-serif;\">Spotkanie z nowymi cz\u0142onkami Stowarzyszenia i pokaz samobadania piersi, rozmowa nt. profilaktyki raka piersi zapoznanie z dzia\u0142alno\u015bci\u0105, integracja.<\/span><\/td>\n<\/tr>\n<tr>\n<td style=\"width: 5.16898%;\" width=\"44\"><span style=\"font-size: 12pt; font-family: comic sans ms, sans-serif;\"><strong>2.<\/strong><\/span><\/td>\n<td style=\"width: 10.1392%;\" width=\"116\"><span style=\"font-family: comic sans ms, sans-serif;\"><strong>Luty<\/strong><\/span><\/td>\n<td style=\"width: 83.6978%; text-align: center;\" width=\"525\"><span style=\"font-family: comic sans ms, sans-serif;\">Spotkanie integracyjne \u201eT\u0142usty Czwartek\u201d.<\/span><\/td>\n<\/tr>\n<tr>\n<td style=\"width: 5.16898%;\" width=\"44\"><span style=\"font-size: 12pt; font-family: comic sans ms, sans-serif;\"><strong>3.<\/strong><\/span><\/td>\n<td style=\"width: 10.1392%;\" width=\"116\"><span style=\"font-family: comic sans ms, sans-serif;\"><strong>Marzec<\/strong><\/span><\/td>\n<td style=\"width: 83.6978%; text-align: center;\" width=\"525\"><span style=\"font-family: comic sans ms, sans-serif;\">Walne Zebranie Sprawozdawczo-Wyborcze.<\/span><\/p>\n<p><span style=\"font-family: comic sans ms, sans-serif;\">Warsztaty edukacyjne zorganizowany przy udziale Stowarzyszenia Edukacji Diabetologicznej.<\/span><\/p>\n<p><span style=\"font-family: comic sans ms, sans-serif;\">Zorganizowanie eventu z okazji Dnia Kobiet pn. \u201ePi\u0119kno jest w nas!\u201d<\/span><\/td>\n<\/tr>\n<tr>\n<td style=\"width: 5.16898%;\" width=\"44\"><span style=\"font-size: 12pt; font-family: comic sans ms, sans-serif;\"><strong>4.<\/strong><\/span><\/td>\n<td style=\"width: 10.1392%;\" width=\"116\"><span style=\"font-family: comic sans ms, sans-serif;\"><strong>Kwiecie\u0144<\/strong><\/span><\/td>\n<td style=\"width: 83.6978%; text-align: center;\" width=\"525\"><span style=\"font-family: comic sans ms, sans-serif;\">Zebranie cz\u0142onk\u00f3w. Dzia\u0142ania profilaktyczne w Warsztatach Terapii Zaj\u0119ciowej w \u0141asku.<\/span><\/p>\n<p><span style=\"font-family: comic sans ms, sans-serif;\">Udzia\u0142 w spotkaniu Klub\u00f3w \u00a0\u0141\u00f3dzkiej Unii Wojew\u00f3dzkiej \u201eAmazonki\u201d.<\/span><\/td>\n<\/tr>\n<tr>\n<td style=\"width: 5.16898%;\" width=\"44\"><span style=\"font-size: 12pt; font-family: comic sans ms, sans-serif;\"><strong>5.<\/strong><\/span><\/td>\n<td style=\"width: 10.1392%;\" width=\"116\"><span style=\"font-family: comic sans ms, sans-serif;\"><strong>Maj<\/strong><\/span><\/td>\n<td style=\"width: 83.6978%; text-align: center;\" width=\"525\"><span style=\"font-family: comic sans ms, sans-serif;\">Zebranie cz\u0142onk\u00f3w.<\/span><\/p>\n<p><span style=\"font-family: comic sans ms, sans-serif;\">Udzia\u0142 w Og\u00f3lnopolskiej Kampanii Edukacyjnej\u00a0 pn. \u201dBADAMY NIE TYLKO MAMY\u201d w dniu 26.05.2023 r.<\/span><\/p>\n<p><span style=\"font-family: comic sans ms, sans-serif;\">Udzia\u0142 w Pikniku Rodzinnym w Hali Sportowej w \u0141asku- stoisko profilaktyczne dot. raka piersi.<\/span><\/p>\n<p><span style=\"font-family: comic sans ms, sans-serif;\">Spotkanie z fizjoterapeut\u0105 nt. Obrz\u0119ku limfatycznego, pokaz automasa\u017cu.<\/span><\/td>\n<\/tr>\n<tr>\n<td style=\"width: 5.16898%;\" width=\"44\"><span style=\"font-size: 12pt; font-family: comic sans ms, sans-serif;\"><strong>6.<\/strong><\/span><\/td>\n<td style=\"width: 10.1392%;\" width=\"116\"><span style=\"font-family: comic sans ms, sans-serif;\"><strong>Czerwiec<\/strong><\/span><\/td>\n<td style=\"width: 83.6978%; text-align: center;\" width=\"525\"><span style=\"font-family: comic sans ms, sans-serif;\">Zebranie cz\u0142onk\u00f3w.<\/span><\/p>\n<p><span style=\"font-family: comic sans ms, sans-serif;\">Spotkania \u201eOtwarte Drzwi Stowarzyszenia\u201d, promocja dzia\u0142a\u0144 Stowarzyszenia i \u00a0dzia\u0142a\u0144 zwi\u0105zanych z profilaktyk\u0105 i nauk\u0105 samobadania piersi dla mieszka\u0144c\u00f3w \u0141asku i okolic. Spotkanie z psychologiem i lekarzem.<\/span><\/td>\n<\/tr>\n<tr>\n<td style=\"width: 5.16898%;\" width=\"44\"><span style=\"font-size: 12pt; font-family: comic sans ms, sans-serif;\"><strong>7.<\/strong><\/span><\/td>\n<td style=\"width: 10.1392%;\" width=\"116\"><span style=\"font-family: comic sans ms, sans-serif;\"><strong>Lipiec<\/strong><\/span><\/td>\n<td style=\"width: 83.6978%; text-align: center;\" width=\"525\"><span style=\"font-family: comic sans ms, sans-serif;\">Przerwa wakacyjna.<\/span><\/td>\n<\/tr>\n<tr>\n<td style=\"width: 5.16898%;\" width=\"44\"><span style=\"font-size: 12pt; font-family: comic sans ms, sans-serif;\"><strong>8.<\/strong><\/span><\/td>\n<td style=\"width: 10.1392%;\" width=\"116\"><span style=\"font-family: comic sans ms, sans-serif;\"><strong>Sierpie\u0144<\/strong><\/span><\/td>\n<td style=\"width: 83.6978%; text-align: center;\" width=\"525\"><span style=\"font-family: comic sans ms, sans-serif;\">Przerwa wakacyjna.<\/span><\/td>\n<\/tr>\n<tr>\n<td style=\"width: 5.16898%;\" width=\"44\"><span style=\"font-size: 12pt; font-family: comic sans ms, sans-serif;\"><strong>9.<\/strong><\/span><\/td>\n<td style=\"width: 10.1392%;\" width=\"116\"><span style=\"font-family: comic sans ms, sans-serif;\"><strong>Wrzesie\u0144<\/strong><\/span><\/td>\n<td style=\"width: 83.6978%; text-align: center;\" width=\"525\"><span style=\"font-family: comic sans ms, sans-serif;\">Zebranie cz\u0142onk\u00f3w.<\/span><\/p>\n<p><span style=\"font-family: comic sans ms, sans-serif;\">Dzia\u0142ania profilaktyczne z ko\u0142ami gospody\u0144 wiejskich z terenu Powiatu \u0141askiego, spotkania w wybranych szko\u0142ach ponadpodstawowych , \u00a0w innych stowarzyszeniach dzia\u0142aj\u0105cych w \u0141asku.<\/span><\/p>\n<p><span style=\"font-family: comic sans ms, sans-serif;\">Udzia\u0142 w Spartakiadzie Klub\u00f3w \u0141\u00f3dzkiej Unii Wojew\u00f3dzkiej w Tomaszowie Mazowieckim.<\/span><\/td>\n<\/tr>\n<tr>\n<td style=\"width: 5.16898%;\" width=\"44\"><span style=\"font-size: 12pt; font-family: comic sans ms, sans-serif;\"><strong>10.<\/strong><\/span><\/td>\n<td style=\"width: 10.1392%;\" width=\"116\"><span style=\"font-family: comic sans ms, sans-serif;\"><strong>Pa\u017adziernik<\/strong><\/span><\/td>\n<td style=\"width: 83.6978%; text-align: center;\" width=\"525\"><span style=\"font-family: comic sans ms, sans-serif;\">Zebranie cz\u0142onk\u00f3w.<\/span><\/p>\n<p><span style=\"font-family: comic sans ms, sans-serif;\">Og\u00f3lnopolska Pielgrzymka Amazonek na Jasna G\u00f3r\u0119.<\/span><\/p>\n<p><span style=\"font-family: comic sans ms, sans-serif;\">\u201eR\u00f3\u017cowy Pa\u017adziernik\u201d- profilaktyka i nauka samobadania piersi, spotkanie z psychologiem, lekarzami, po\u0142o\u017cn\u0105 i dietetykiem.<\/span><\/p>\n<p><span style=\"font-family: comic sans ms, sans-serif;\">Msza \u015bwi\u0119ta w intencji kobiet dotkni\u0119tych chorob\u0105 nowotworow\u0105, za kobiety, kt\u00f3re odesz\u0142y\u2026<\/span><\/td>\n<\/tr>\n<tr>\n<td style=\"width: 5.16898%;\" width=\"44\"><span style=\"font-size: 12pt; font-family: comic sans ms, sans-serif;\"><strong>11.<\/strong><\/span><\/td>\n<td style=\"width: 10.1392%;\" width=\"116\"><span style=\"font-family: comic sans ms, sans-serif;\"><strong>Listopad<\/strong><\/span><\/td>\n<td style=\"width: 83.6978%; text-align: center;\" width=\"525\"><span style=\"font-family: comic sans ms, sans-serif;\">Zebranie cz\u0142onk\u00f3w.<\/span><\/p>\n<p><span style=\"font-family: comic sans ms, sans-serif;\">Odwiedzanie grob\u00f3w zmar\u0142ych Amazonek na cmentarzu w \u0141asku i w Kolumnie.<\/span><\/p>\n<p><span style=\"font-family: comic sans ms, sans-serif;\">Spotkanie z fizjoterapeut\u0105, z psychologiem ( grupowe i indywidualne). Dzia\u0142ania profilaktyczne raka piersi w wybranych szko\u0142ach \u015brednich i ko\u0142ach gospody\u0144 wiejskich z Powiatu \u0141askiego.<\/span><\/p>\n<p><span style=\"font-family: comic sans ms, sans-serif;\">Spotkanie \u2013 Wiecz\u00f3r Andrzejkowy.<\/span><\/p>\n<p>&nbsp;<\/td>\n<\/tr>\n<tr>\n<td style=\"width: 5.16898%;\" width=\"44\"><span style=\"font-size: 12pt; font-family: comic sans ms, sans-serif;\"><strong>12.<\/strong><\/span><\/td>\n<td style=\"width: 10.1392%;\" width=\"116\"><span style=\"font-family: comic sans ms, sans-serif;\"><strong>Grudzie\u0144<\/strong><\/span><\/td>\n<td style=\"width: 83.6978%; text-align: center;\" width=\"525\"><span style=\"font-family: comic sans ms, sans-serif;\">Spotkanie Wigilijne.<\/span><\/td>\n<\/tr>\n<\/tbody>\n<\/table>\n<p>&nbsp;<\/p>\n<p>Programy realizowane w 2023 roku:<\/p>\n<ul style=\"list-style-type: circle;\">\n<li>Spotkania na temat profilaktyki nowotwor\u00f3w piersi organizowane dla r\u00f3\u017cnych grup spo\u0142ecznych Miasta i Powiatu \u0141ask. Spotkania te b\u0119d\u0105 odbywa\u0142y si\u0119 w terminach uzgodnionych przez strony.<\/li>\n<li>Cotygodniowa (ka\u017cdy wtorek w godz. 16.00-17.00) rehabilitacja ruchowa finansowana przez Urz\u0105d Miejski w \u0141asku.<\/li>\n<li>Dy\u017cury w ka\u017cdy pi\u0105tek w godz.16.00-18.00 w Kamiennicy Plac 11 Listopada 1.<\/li>\n<li>Psychoterapia onkologiczna z psychologiem w ci\u0105gu roku finansowana przez Urz\u0105d Miejski w \u0141asku.<\/li>\n<\/ul>\n<p>Ponadto planujemy:<\/p>\n<ul style=\"list-style-type: circle;\">\n<li>Udzia\u0142 w szkoleniach organizowanych przez Federacje Stowarzysze\u0144 Amazonek w Poznaniu.<\/li>\n<li>Udzia\u0142 w spotkaniach \u0141\u00f3dzkiej Unii Wojew\u00f3dzkiej<\/li>\n<li>Udzia\u0142 w konkursach og\u0142aszanych przez samorz\u0105d wojew\u00f3dzki \u2013 Urz\u0105d Marsza\u0142kowski w \u0141odzi, samorz\u0105d gminny &#8211; Urz\u0105d Miejski w \u0141asku i inne.<\/li>\n<li>Udzia\u0142 w innych dzia\u0142aniach zwi\u0105zanych z dzia\u0142alno\u015bci\u0105 statutow\u0105 Stowarzyszenia.<\/li>\n<\/ul>\n<p>&nbsp;<\/p>\n<h3 style=\"text-align: right;\">Prezes Stowarzyszenia<\/h3>\n<h3 style=\"text-align: right;\">Amazonek \u0141ask-Kolumna<\/h3>\n<h3 style=\"text-align: right;\"><strong>Jolanta Owczarek<\/strong><\/h3>\n","protected":false},"excerpt":{"rendered":"<p>Lp. Termin Dzia\u0142ania 1. Stycze\u0144 Spotkanie noworoczne cz\u0142onk\u00f3w Stowarzyszenia. Spotkanie z nowymi cz\u0142onkami Stowarzyszenia i pokaz samobadania piersi, rozmowa nt. profilaktyki raka piersi zapoznanie z dzia\u0142alno\u015bci\u0105, integracja. 2. Luty Spotkanie integracyjne \u201eT\u0142usty Czwartek\u201d. 3. Marzec Walne Zebranie Sprawozdawczo-Wyborcze. Warsztaty edukacyjne zorganizowany przy udziale Stowarzyszenia Edukacji Diabetologicznej. Zorganizowanie eventu z okazji Dnia Kobiet pn. \u201ePi\u0119kno jest w nas!\u201d 4. Kwiecie\u0144 Zebranie cz\u0142onk\u00f3w. Dzia\u0142ania profilaktyczne w Warsztatach Terapii Zaj\u0119ciowej w \u0141asku. Udzia\u0142 w spotkaniu Klub\u00f3w \u00a0\u0141\u00f3dzkiej Unii Wojew\u00f3dzkiej \u201eAmazonki\u201d. 5. Maj Zebranie cz\u0142onk\u00f3w. Udzia\u0142 w Og\u00f3lnopolskiej Kampanii Edukacyjnej\u00a0 pn. \u201dBADAMY NIE TYLKO MAMY\u201d w dniu 26.05.2023 r. Udzia\u0142 w Pikniku Rodzinnym w [&hellip;]<\/p>\n","protected":false},"author":7,"featured_media":0,"parent":0,"menu_order":0,"comment_status":"closed","ping_status":"closed","template":"","meta":{"footnotes":""},"class_list":["post-693","page","type-page","status-publish","hentry","wpbf-post"],"yoast_head":"<!-- This site is optimized with the Yoast SEO plugin v26.8 - https:\/\/yoast.com\/product\/yoast-seo-wordpress\/ -->\n<title>Plan pracy na 2023 rok - Stowarzyszenie Amazonek \u0141ask-Kolumna<\/title>\n<meta name=\"robots\" content=\"index, follow, max-snippet:-1, max-image-preview:large, max-video-preview:-1\" \/>\n<link rel=\"canonical\" href=\"https:\/\/amazonkikolumna.pl\/index.php\/plan-pracy-na-2023-rok\/\" \/>\n<meta property=\"og:locale\" content=\"pl_PL\" \/>\n<meta property=\"og:type\" content=\"article\" \/>\n<meta property=\"og:title\" content=\"Plan pracy na 2023 rok - Stowarzyszenie Amazonek \u0141ask-Kolumna\" \/>\n<meta property=\"og:description\" content=\"Lp. Termin Dzia\u0142ania 1. Stycze\u0144 Spotkanie noworoczne cz\u0142onk\u00f3w Stowarzyszenia. Spotkanie z nowymi cz\u0142onkami Stowarzyszenia i pokaz samobadania piersi, rozmowa nt. profilaktyki raka piersi zapoznanie z dzia\u0142alno\u015bci\u0105, integracja. 2. Luty Spotkanie integracyjne \u201eT\u0142usty Czwartek\u201d. 3. Marzec Walne Zebranie Sprawozdawczo-Wyborcze. Warsztaty edukacyjne zorganizowany przy udziale Stowarzyszenia Edukacji Diabetologicznej. Zorganizowanie eventu z okazji Dnia Kobiet pn. \u201ePi\u0119kno jest w nas!\u201d 4. Kwiecie\u0144 Zebranie cz\u0142onk\u00f3w. Dzia\u0142ania profilaktyczne w Warsztatach Terapii Zaj\u0119ciowej w \u0141asku. Udzia\u0142 w spotkaniu Klub\u00f3w \u00a0\u0141\u00f3dzkiej Unii Wojew\u00f3dzkiej \u201eAmazonki\u201d. 5. Maj Zebranie cz\u0142onk\u00f3w. Udzia\u0142 w Og\u00f3lnopolskiej Kampanii Edukacyjnej\u00a0 pn. \u201dBADAMY NIE TYLKO MAMY\u201d w dniu 26.05.2023 r. Udzia\u0142 w Pikniku Rodzinnym w [&hellip;]\" \/>\n<meta property=\"og:url\" content=\"https:\/\/amazonkikolumna.pl\/index.php\/plan-pracy-na-2023-rok\/\" \/>\n<meta property=\"og:site_name\" content=\"Stowarzyszenie Amazonek \u0141ask-Kolumna\" \/>\n<meta property=\"article:modified_time\" content=\"2023-05-19T21:08:33+00:00\" \/>\n<meta name=\"twitter:card\" content=\"summary_large_image\" \/>\n<meta name=\"twitter:label1\" content=\"Szacowany czas czytania\" \/>\n\t<meta name=\"twitter:data1\" content=\"3 minuty\" \/>\n<script type=\"application\/ld+json\" class=\"yoast-schema-graph\">{\"@context\":\"https:\/\/schema.org\",\"@graph\":[{\"@type\":\"WebPage\",\"@id\":\"https:\/\/amazonkikolumna.pl\/index.php\/plan-pracy-na-2023-rok\/\",\"url\":\"https:\/\/amazonkikolumna.pl\/index.php\/plan-pracy-na-2023-rok\/\",\"name\":\"Plan pracy na 2023 rok - Stowarzyszenie Amazonek \u0141ask-Kolumna\",\"isPartOf\":{\"@id\":\"https:\/\/amazonkikolumna.pl\/#website\"},\"datePublished\":\"2023-05-19T20:46:53+00:00\",\"dateModified\":\"2023-05-19T21:08:33+00:00\",\"breadcrumb\":{\"@id\":\"https:\/\/amazonkikolumna.pl\/index.php\/plan-pracy-na-2023-rok\/#breadcrumb\"},\"inLanguage\":\"pl-PL\",\"potentialAction\":[{\"@type\":\"ReadAction\",\"target\":[\"https:\/\/amazonkikolumna.pl\/index.php\/plan-pracy-na-2023-rok\/\"]}]},{\"@type\":\"BreadcrumbList\",\"@id\":\"https:\/\/amazonkikolumna.pl\/index.php\/plan-pracy-na-2023-rok\/#breadcrumb\",\"itemListElement\":[{\"@type\":\"ListItem\",\"position\":1,\"name\":\"Strona g\u0142\u00f3wna\",\"item\":\"https:\/\/amazonkikolumna.pl\/\"},{\"@type\":\"ListItem\",\"position\":2,\"name\":\"Plan pracy na 2023 rok\"}]},{\"@type\":\"WebSite\",\"@id\":\"https:\/\/amazonkikolumna.pl\/#website\",\"url\":\"https:\/\/amazonkikolumna.pl\/\",\"name\":\"Stowarzyszenie Amazonek \u0141ask-Kolumna\",\"description\":\"\u201eCz\u0142owiek jest wielki nie przez to, co ma, nie przez to kim jest, lecz przez to, czym dzieli si\u0119 z innymi\u201d Jan Pawe\u0142 II\",\"publisher\":{\"@id\":\"https:\/\/amazonkikolumna.pl\/#organization\"},\"potentialAction\":[{\"@type\":\"SearchAction\",\"target\":{\"@type\":\"EntryPoint\",\"urlTemplate\":\"https:\/\/amazonkikolumna.pl\/?s={search_term_string}\"},\"query-input\":{\"@type\":\"PropertyValueSpecification\",\"valueRequired\":true,\"valueName\":\"search_term_string\"}}],\"inLanguage\":\"pl-PL\"},{\"@type\":\"Organization\",\"@id\":\"https:\/\/amazonkikolumna.pl\/#organization\",\"name\":\"Stowarzyszenie Amazonek \u0141ask-Kolumna\",\"url\":\"https:\/\/amazonkikolumna.pl\/\",\"logo\":{\"@type\":\"ImageObject\",\"inLanguage\":\"pl-PL\",\"@id\":\"https:\/\/amazonkikolumna.pl\/#\/schema\/logo\/image\/\",\"url\":\"https:\/\/amazonkikolumna.pl\/wp-content\/uploads\/2016\/03\/logo_federacja_header.gif\",\"contentUrl\":\"https:\/\/amazonkikolumna.pl\/wp-content\/uploads\/2016\/03\/logo_federacja_header.gif\",\"width\":94,\"height\":93,\"caption\":\"Stowarzyszenie Amazonek \u0141ask-Kolumna\"},\"image\":{\"@id\":\"https:\/\/amazonkikolumna.pl\/#\/schema\/logo\/image\/\"}}]}<\/script>\n<!-- \/ Yoast SEO plugin. -->","yoast_head_json":{"title":"Plan pracy na 2023 rok - Stowarzyszenie Amazonek \u0141ask-Kolumna","robots":{"index":"index","follow":"follow","max-snippet":"max-snippet:-1","max-image-preview":"max-image-preview:large","max-video-preview":"max-video-preview:-1"},"canonical":"https:\/\/amazonkikolumna.pl\/index.php\/plan-pracy-na-2023-rok\/","og_locale":"pl_PL","og_type":"article","og_title":"Plan pracy na 2023 rok - Stowarzyszenie Amazonek \u0141ask-Kolumna","og_description":"Lp. Termin Dzia\u0142ania 1. Stycze\u0144 Spotkanie noworoczne cz\u0142onk\u00f3w Stowarzyszenia. Spotkanie z nowymi cz\u0142onkami Stowarzyszenia i pokaz samobadania piersi, rozmowa nt. profilaktyki raka piersi zapoznanie z dzia\u0142alno\u015bci\u0105, integracja. 2. Luty Spotkanie integracyjne \u201eT\u0142usty Czwartek\u201d. 3. Marzec Walne Zebranie Sprawozdawczo-Wyborcze. Warsztaty edukacyjne zorganizowany przy udziale Stowarzyszenia Edukacji Diabetologicznej. Zorganizowanie eventu z okazji Dnia Kobiet pn. \u201ePi\u0119kno jest w nas!\u201d 4. Kwiecie\u0144 Zebranie cz\u0142onk\u00f3w. Dzia\u0142ania profilaktyczne w Warsztatach Terapii Zaj\u0119ciowej w \u0141asku. Udzia\u0142 w spotkaniu Klub\u00f3w \u00a0\u0141\u00f3dzkiej Unii Wojew\u00f3dzkiej \u201eAmazonki\u201d. 5. Maj Zebranie cz\u0142onk\u00f3w. Udzia\u0142 w Og\u00f3lnopolskiej Kampanii Edukacyjnej\u00a0 pn. \u201dBADAMY NIE TYLKO MAMY\u201d w dniu 26.05.2023 r. Udzia\u0142 w Pikniku Rodzinnym w [&hellip;]","og_url":"https:\/\/amazonkikolumna.pl\/index.php\/plan-pracy-na-2023-rok\/","og_site_name":"Stowarzyszenie Amazonek \u0141ask-Kolumna","article_modified_time":"2023-05-19T21:08:33+00:00","twitter_card":"summary_large_image","twitter_misc":{"Szacowany czas czytania":"3 minuty"},"schema":{"@context":"https:\/\/schema.org","@graph":[{"@type":"WebPage","@id":"https:\/\/amazonkikolumna.pl\/index.php\/plan-pracy-na-2023-rok\/","url":"https:\/\/amazonkikolumna.pl\/index.php\/plan-pracy-na-2023-rok\/","name":"Plan pracy na 2023 rok - Stowarzyszenie Amazonek \u0141ask-Kolumna","isPartOf":{"@id":"https:\/\/amazonkikolumna.pl\/#website"},"datePublished":"2023-05-19T20:46:53+00:00","dateModified":"2023-05-19T21:08:33+00:00","breadcrumb":{"@id":"https:\/\/amazonkikolumna.pl\/index.php\/plan-pracy-na-2023-rok\/#breadcrumb"},"inLanguage":"pl-PL","potentialAction":[{"@type":"ReadAction","target":["https:\/\/amazonkikolumna.pl\/index.php\/plan-pracy-na-2023-rok\/"]}]},{"@type":"BreadcrumbList","@id":"https:\/\/amazonkikolumna.pl\/index.php\/plan-pracy-na-2023-rok\/#breadcrumb","itemListElement":[{"@type":"ListItem","position":1,"name":"Strona g\u0142\u00f3wna","item":"https:\/\/amazonkikolumna.pl\/"},{"@type":"ListItem","position":2,"name":"Plan pracy na 2023 rok"}]},{"@type":"WebSite","@id":"https:\/\/amazonkikolumna.pl\/#website","url":"https:\/\/amazonkikolumna.pl\/","name":"Stowarzyszenie Amazonek \u0141ask-Kolumna","description":"\u201eCz\u0142owiek jest wielki nie przez to, co ma, nie przez to kim jest, lecz przez to, czym dzieli si\u0119 z innymi\u201d Jan Pawe\u0142 II","publisher":{"@id":"https:\/\/amazonkikolumna.pl\/#organization"},"potentialAction":[{"@type":"SearchAction","target":{"@type":"EntryPoint","urlTemplate":"https:\/\/amazonkikolumna.pl\/?s={search_term_string}"},"query-input":{"@type":"PropertyValueSpecification","valueRequired":true,"valueName":"search_term_string"}}],"inLanguage":"pl-PL"},{"@type":"Organization","@id":"https:\/\/amazonkikolumna.pl\/#organization","name":"Stowarzyszenie Amazonek \u0141ask-Kolumna","url":"https:\/\/amazonkikolumna.pl\/","logo":{"@type":"ImageObject","inLanguage":"pl-PL","@id":"https:\/\/amazonkikolumna.pl\/#\/schema\/logo\/image\/","url":"https:\/\/amazonkikolumna.pl\/wp-content\/uploads\/2016\/03\/logo_federacja_header.gif","contentUrl":"https:\/\/amazonkikolumna.pl\/wp-content\/uploads\/2016\/03\/logo_federacja_header.gif","width":94,"height":93,"caption":"Stowarzyszenie Amazonek \u0141ask-Kolumna"},"image":{"@id":"https:\/\/amazonkikolumna.pl\/#\/schema\/logo\/image\/"}}]}},"_links":{"self":[{"href":"https:\/\/amazonkikolumna.pl\/index.php\/wp-json\/wp\/v2\/pages\/693","targetHints":{"allow":["GET"]}}],"collection":[{"href":"https:\/\/amazonkikolumna.pl\/index.php\/wp-json\/wp\/v2\/pages"}],"about":[{"href":"https:\/\/amazonkikolumna.pl\/index.php\/wp-json\/wp\/v2\/types\/page"}],"author":[{"embeddable":true,"href":"https:\/\/amazonkikolumna.pl\/index.php\/wp-json\/wp\/v2\/users\/7"}],"replies":[{"embeddable":true,"href":"https:\/\/amazonkikolumna.pl\/index.php\/wp-json\/wp\/v2\/comments?post=693"}],"version-history":[{"count":4,"href":"https:\/\/amazonkikolumna.pl\/index.php\/wp-json\/wp\/v2\/pages\/693\/revisions"}],"predecessor-version":[{"id":762,"href":"https:\/\/amazonkikolumna.pl\/index.php\/wp-json\/wp\/v2\/pages\/693\/revisions\/762"}],"wp:attachment":[{"href":"https:\/\/amazonkikolumna.pl\/index.php\/wp-json\/wp\/v2\/media?parent=693"}],"curies":[{"name":"wp","href":"https:\/\/api.w.org\/{rel}","templated":true}]}}