{"id":889,"date":"2025-02-11T23:29:17","date_gmt":"2025-02-11T22:29:17","guid":{"rendered":"https:\/\/amazonkikolumna.pl\/?page_id=889"},"modified":"2025-02-11T23:34:12","modified_gmt":"2025-02-11T22:34:12","slug":"plan-pracy-2025","status":"publish","type":"page","link":"https:\/\/amazonkikolumna.pl\/index.php\/plan-pracy-2025\/","title":{"rendered":"Plan pracy 2025"},"content":{"rendered":"<table>\n<tbody>\n<tr>\n<td style=\"width: 36px;\"><strong>Lp.<\/strong><\/td>\n<td style=\"width: 86px;\"><strong>Miesi\u0105c<\/strong><\/td>\n<td style=\"width: 519px;\"><strong>Dzia\u0142ania<\/strong><\/td>\n<\/tr>\n<tr>\n<td style=\"width: 36px;\"><strong>1<\/strong><\/td>\n<td style=\"width: 86px;\"><strong>Stycze\u0144<\/strong><\/td>\n<td style=\"width: 519px;\"><strong>28.01. 25 r<\/strong>. Zebranie cz\u0142onk\u00f3w Stowarzyszenia.<\/td>\n<\/tr>\n<tr>\n<td style=\"width: 36px;\"><strong>2<\/strong><\/td>\n<td style=\"width: 86px;\"><strong>Luty<\/strong><\/td>\n<td style=\"width: 519px;\"><strong>25.02.25 r.\u00a0 <\/strong>Zebranie cz\u0142onk\u00f3w Stowarzyszenia.<\/p>\n<p>\u201eWarsztat piel\u0119gnacyjny podstawowy\u201d realizowany przez Katarzyn\u0119 Kami\u0144sk\u0105 &#8211; Hoffer , grupy po 4-8 os\u00f3b.<\/p>\n<p><strong>S<\/strong>potkanie integracyjno &#8211; profilaktyczne w Klubie Seniora w Kwiatkowicach.<\/td>\n<\/tr>\n<tr>\n<td style=\"width: 36px;\"><strong>3<\/strong><\/td>\n<td style=\"width: 86px;\"><strong>Marzec<\/strong><\/td>\n<td style=\"width: 519px;\"><strong>04.03.25 r.\u00a0 <\/strong>Spotkanie integracyjne \u2013 \u201eOstatki\u201d,<\/p>\n<p><strong>07.03.25 r. <\/strong>\u00a0Spotkanie integracyjne z okazji \u201eDnia Kobiet\u201d z cz\u0142onkiniami Ko\u0142a Gospody\u0144 Wiejskich z Mogilna Ma\u0142ego po\u0142\u0105czone z warsztatem nauki robienia kwiat\u00f3w wiosennych z bibu\u0142y i innych materia\u0142\u00f3w.<\/td>\n<\/tr>\n<tr>\n<td style=\"width: 36px;\"><strong>4<\/strong><\/td>\n<td style=\"width: 86px;\"><strong>Kwiecie\u0144<\/strong><\/td>\n<td style=\"width: 519px;\"><strong>15.04.25 r.\u00a0 <\/strong>Spotkanie integracyjne cz\u0142onk\u00f3w \u201eWielkanoc w Stowarzyszeniu\u201d<\/p>\n<p><strong>29.04.25 r.<\/strong>\u00a0 Walne Zebranie Sprawozdawcze cz\u0142onk\u00f3w Stowarzyszenia.<\/p>\n<p>Udzia\u0142 w spotkaniu Klub\u00f3w \u0141\u00f3dzkiej Unii Wojew\u00f3dzkiej \u201eAmazonki\u201d w \u0141odzi.<\/td>\n<\/tr>\n<tr>\n<td style=\"width: 36px;\"><strong>5<\/strong><\/td>\n<td style=\"width: 86px;\"><strong>Maj<\/strong><\/td>\n<td style=\"width: 519px;\"><strong>24.05.25 r.\u00a0 <\/strong>Stoisko profilaktyczne podczas VI Edycji Festiwalu Sztuki \u201ePoci\u0105g do Kolumny\u201d.<\/p>\n<p>Udzia\u0142 w Og\u00f3lnopolskiej Kampanii Edukacyjnej pn. \u201eBADAMY NIE TYLKO MAMY\u201d.<\/p>\n<p><strong>30.05.25 r.<\/strong> Zebranie cz\u0142onk\u00f3w Stowarzyszenia.<\/td>\n<\/tr>\n<tr>\n<td style=\"width: 36px;\"><strong>6<\/strong><\/td>\n<td style=\"width: 86px;\"><strong>Czerwiec<\/strong><\/td>\n<td style=\"width: 519px;\">Stoisko profilaktyczne podczas Jarmarku \u0141askiego.<\/p>\n<p>Spotkania \u201eOtwarte Dni Stowarzyszenia\u201d, przez 3 pi\u0105tki (06.06.,13.06. 27.06.25 r.), promocja dzia\u0142a\u0144 zwi\u0105zanych z profilaktyk\u0105, nauk\u0105 samobadania piersi i promocja Stowarzyszenia dla mieszka\u0144c\u00f3w \u0141asku i powiatu \u0142askiego. Spotkanie z lekarzami specjalistami (diabetolog, lekarz rodzinny, psychiatra lub psycholog). Mammobus &#8211; bezp\u0142atne badanie mammografia dla kobiet.<\/p>\n<p><strong>17.06.2025 r<\/strong>. Spotkanie integracyjne \u201eWitamy razem lato w Ostrowie\u201d, albo Piknik zdrowotny \u201eZr\u00f3b co\u015b dla zdrowia\u201d w Ostrowie.<\/p>\n<p><strong>24.06.2025 r. <\/strong>Zebranie cz\u0142onk\u00f3w Stowarzyszenia. Spotkanie z konsultantk\u0105 Firmy \u201eForever\u201d Ann\u0105 Korczy\u0144sk\u0105 \u2013 prelekcja wraz z prezentacj\u0105 produkt\u00f3w z aloesem.<\/td>\n<\/tr>\n<tr>\n<td style=\"width: 36px;\"><strong>7<\/strong><\/td>\n<td style=\"width: 86px;\"><strong>Lipiec<\/strong><\/td>\n<td style=\"width: 519px;\"><strong>15.07.25 r. <\/strong>Zebranie cz\u0142onk\u00f3w Stowarzyszenia.<\/p>\n<p><strong>18-21.07.25 r. <\/strong>Wycieczka integracyjno-krajoznawcza na Podlasie\u201d Szlak Tatarski 2025 r.<\/td>\n<\/tr>\n<tr>\n<td style=\"width: 36px;\"><strong>8<\/strong><\/td>\n<td style=\"width: 86px;\"><strong>Sierpie\u0144<\/strong><\/td>\n<td style=\"width: 519px;\">Przerwa wakacyjna<\/td>\n<\/tr>\n<tr>\n<td style=\"width: 36px;\"><strong>9<\/strong><\/td>\n<td style=\"width: 86px;\"><strong>Wrzesie\u0144<\/strong><\/td>\n<td style=\"width: 519px;\">Dzia\u0142ania profilaktyczne z ko\u0142ami gospody\u0144 wiejskich , z seniorami z terenu Powiatu \u0141askiego, spotkania w innych stowarzyszeniach. Spotkanie z konsultantkami \u201e\u0141askiej Strefy AVON\u201d- warsztat kosmetyczny.<\/p>\n<p>Wyjazd grupowy do teatru.<\/p>\n<p>Piknik na \u201ePo\u017cegnanie lata\u201d\u00a0 pla\u017ca \u201ePod Bykiem \u201ew Kolumnie.<\/p>\n<p><strong>23.09.25 r.\u00a0 <\/strong>Zebranie cz\u0142onk\u00f3w Stowarzyszenia.<\/td>\n<\/tr>\n<tr>\n<td style=\"width: 36px;\"><strong>10<\/strong><\/td>\n<td style=\"width: 86px;\"><strong>Pa\u017adziernik<\/strong><\/td>\n<td style=\"width: 519px;\"><strong>04.10.25 r.\u00a0 <\/strong>Udzia\u0142 w Og\u00f3lnopolskiej Pielgrzymce Amazonek na Jasn\u0105 G\u00f3r\u0119.<\/p>\n<p><strong>14.10.25 r. <\/strong>\u00a0Zebranie cz\u0142onk\u00f3w Stowarzyszenia.<\/p>\n<p>\u201eR\u00f3\u017cowy Pa\u017adziernik z \u0141askimi Amazonkami\u201d- prowadzenie dzia\u0142a\u0144 profilaktycznych, nauki samobadania piersi, dzia\u0142a\u0144 informacyjnych dotycz\u0105cych raka piersi, promocja dzia\u0142a\u0144 \u0141askich Amazonek.<\/p>\n<p>Spotkania , szkolenia, prelekcje : \u201ePierwsza pomoc\u201d z ratownikiem medycznym.<\/p>\n<p>\u201eWszystko o badaniu \u2013 mammografia\u201d (wyk\u0142ad ) specjalista Adam Rosolak z Salve Medica w \u0141odzi,<\/p>\n<p>\u201ePozytywne my\u015blenie- kluczem do zdrowia\u201d- psycholog Anna Adamiak-Tazbir,<\/p>\n<p>\u201eDlaczego kobiety choruj\u0105 na raka?\u201d &#8211; Aneta Janiszewska-Witaszczyk.<\/p>\n<p>Totalna Biologia, \u201eRak piersi\u201d- onkolog prelekcja &#8211; dietetyk kliniczny Marta Ciapczy\u0144ska.<\/p>\n<p>Msza \u015bwi\u0119ta w intencji kobiet dotkni\u0119tych chorob\u0105 nowotworow\u0105 piersi.<\/td>\n<\/tr>\n<tr>\n<td style=\"width: 36px;\"><strong>11<\/strong><\/td>\n<td style=\"width: 86px;\"><strong>Listopad<\/strong><\/td>\n<td style=\"width: 519px;\">Odwiedzanie i zapalenie zniczy na grobach zmar\u0142ych Amazonek na cmentarzu w \u0141asku i w Kolumnie.<\/p>\n<p><strong>04.11.25 r<\/strong>.\u00a0 Spotkanie z fizjoterapeut\u0105 nt. \u201eMasa\u017c limfatyczny, zalety gimnastyki ruchowej dla os\u00f3b po przebytej chorobie nowotworowej\u201d.<\/p>\n<p><strong>18.11.2025 r. <\/strong>Spotkania indywidualne lub grupowe z psychologiem w zale\u017cno\u015bci od potrzeb.<\/p>\n<p><strong>29.11.25 r<\/strong>.\u00a0 Zebranie cz\u0142onk\u00f3w Stowarzyszenia i spotkanie integracyjne \u201eWiecz\u00f3r Andrzejkowy\u201d.<\/td>\n<\/tr>\n<tr>\n<td style=\"width: 36px;\"><strong>12<\/strong><\/td>\n<td style=\"width: 86px;\"><strong>Grudzie\u0144<\/strong><\/td>\n<td style=\"width: 519px;\">\n<p style=\"text-align: left;\"><strong>11.12.25 r.\u00a0 <\/strong>Zebranie cz\u0142onk\u00f3w Stowarzyszenia. Spotkanie Wigilijne.<\/p>\n<\/td>\n<\/tr>\n<\/tbody>\n<\/table>\n<p class=\"Standard\">Planujemy w 2025 roku:<\/p>\n<ul>\n<li class=\"Standard\" style=\"text-align: left;\">Spotkania na temat profilaktyki raka piersi organizowane dla r\u00f3\u017cnych grup spo\u0142ecznych miasta i powiatu \u0141ask. Spotkanie odbywa\u0107 si\u0119 b\u0119d\u0105 w terminach uzgodnionych przez strony.<\/li>\n<li class=\"Standard\" style=\"text-align: left;\">W ka\u017cdy wtorek w godz. 17.00 &#8211; 18.00 przez ca\u0142y rok odbywa\u0107 si\u0119 b\u0119dzie rehabilitacja ruchowa (Hala Powiatowa w \u0141asku, ul. Warszawska 13).<\/li>\n<li class=\"Standard\" style=\"text-align: left;\">W ka\u017cdy pi\u0105tek w godz. 16.00-18.00 b\u0119d\u0105 dy\u017cury cz\u0142onk\u00f3w Stowarzyszenia w Kulturalnej Kamienicy w \u0141asku, Plac 11 Listopada 1 , I pi\u0119tro.<\/li>\n<li class=\"Standard\" style=\"text-align: left;\">Zebrania cz\u0142onk\u00f3w Stowarzyszenia oraz spotkania, prelekcje i inne dzia\u0142ania organizowane przez \u0141askie Amazonki odbywa\u0107 si\u0119 b\u0119d\u0105 w nowej siedzibie tj. w budynku \u0141askiej Sp\u00f3\u0142dzielni Mieszkaniowej, ul. 9-go Maja 6, parter, r\u00f3wnie\u017c tam jest biuro Zarz\u0105du Stowarzyszenia.<\/li>\n<li class=\"Standard\" style=\"text-align: left;\">Udzia\u0142 cz\u0142onk\u00f3w w szkoleniach organizowanych przez Federacj\u0119 Stowarzysze\u0144 \u201eAmazonek\u201d w Poznaniu.<\/li>\n<li class=\"Standard\" style=\"text-align: left;\">Udzia\u0142 cz\u0142onk\u00f3w w spotkaniach Klub\u00f3w \u0141\u00f3dzkiej Unii Wojew\u00f3dzkiej \u201dAmazonki\u201d.<\/li>\n<li class=\"Standard\" style=\"text-align: left;\">Udzia\u0142 w dzia\u0142aniach zwi\u0105zanych z dzia\u0142alno\u015bci\u0105 statutow\u0105 Stowarzyszenia.<\/li>\n<\/ul>\n<h3 style=\"text-align: right;\">Prezes Stowarzyszenia<\/h3>\n<h3 style=\"text-align: right;\">Amazonek \u0141ask-Kolumna<\/h3>\n<h3 style=\"text-align: right;\"><strong>Gra\u017cyna Baranowicz<\/strong><\/h3>\n","protected":false},"excerpt":{"rendered":"<p>Lp. Miesi\u0105c Dzia\u0142ania 1 Stycze\u0144 28.01. 25 r. Zebranie cz\u0142onk\u00f3w Stowarzyszenia. 2 Luty 25.02.25 r.\u00a0 Zebranie cz\u0142onk\u00f3w Stowarzyszenia. \u201eWarsztat piel\u0119gnacyjny podstawowy\u201d realizowany przez Katarzyn\u0119 Kami\u0144sk\u0105 &#8211; Hoffer , grupy po 4-8 os\u00f3b. Spotkanie integracyjno &#8211; profilaktyczne w Klubie Seniora w Kwiatkowicach. 3 Marzec 04.03.25 r.\u00a0 Spotkanie integracyjne \u2013 \u201eOstatki\u201d, 07.03.25 r. \u00a0Spotkanie integracyjne z okazji \u201eDnia Kobiet\u201d z cz\u0142onkiniami Ko\u0142a Gospody\u0144 Wiejskich z Mogilna Ma\u0142ego po\u0142\u0105czone z warsztatem nauki robienia kwiat\u00f3w wiosennych z bibu\u0142y i innych materia\u0142\u00f3w. 4 Kwiecie\u0144 15.04.25 r.\u00a0 Spotkanie integracyjne cz\u0142onk\u00f3w \u201eWielkanoc w Stowarzyszeniu\u201d 29.04.25 r.\u00a0 Walne Zebranie Sprawozdawcze cz\u0142onk\u00f3w Stowarzyszenia. Udzia\u0142 w spotkaniu Klub\u00f3w \u0141\u00f3dzkiej Unii [&hellip;]<\/p>\n","protected":false},"author":7,"featured_media":0,"parent":0,"menu_order":0,"comment_status":"closed","ping_status":"closed","template":"","meta":{"footnotes":""},"class_list":["post-889","page","type-page","status-publish","hentry","wpbf-post"],"yoast_head":"<!-- This site is optimized with the Yoast SEO plugin v26.8 - https:\/\/yoast.com\/product\/yoast-seo-wordpress\/ -->\n<title>Plan pracy 2025 - Stowarzyszenie Amazonek \u0141ask-Kolumna<\/title>\n<meta name=\"robots\" content=\"index, follow, max-snippet:-1, max-image-preview:large, max-video-preview:-1\" \/>\n<link rel=\"canonical\" href=\"https:\/\/amazonkikolumna.pl\/index.php\/plan-pracy-2025\/\" \/>\n<meta property=\"og:locale\" content=\"pl_PL\" \/>\n<meta property=\"og:type\" content=\"article\" \/>\n<meta property=\"og:title\" content=\"Plan pracy 2025 - Stowarzyszenie Amazonek \u0141ask-Kolumna\" \/>\n<meta property=\"og:description\" content=\"Lp. Miesi\u0105c Dzia\u0142ania 1 Stycze\u0144 28.01. 25 r. Zebranie cz\u0142onk\u00f3w Stowarzyszenia. 2 Luty 25.02.25 r.\u00a0 Zebranie cz\u0142onk\u00f3w Stowarzyszenia. \u201eWarsztat piel\u0119gnacyjny podstawowy\u201d realizowany przez Katarzyn\u0119 Kami\u0144sk\u0105 &#8211; Hoffer , grupy po 4-8 os\u00f3b. Spotkanie integracyjno &#8211; profilaktyczne w Klubie Seniora w Kwiatkowicach. 3 Marzec 04.03.25 r.\u00a0 Spotkanie integracyjne \u2013 \u201eOstatki\u201d, 07.03.25 r. \u00a0Spotkanie integracyjne z okazji \u201eDnia Kobiet\u201d z cz\u0142onkiniami Ko\u0142a Gospody\u0144 Wiejskich z Mogilna Ma\u0142ego po\u0142\u0105czone z warsztatem nauki robienia kwiat\u00f3w wiosennych z bibu\u0142y i innych materia\u0142\u00f3w. 4 Kwiecie\u0144 15.04.25 r.\u00a0 Spotkanie integracyjne cz\u0142onk\u00f3w \u201eWielkanoc w Stowarzyszeniu\u201d 29.04.25 r.\u00a0 Walne Zebranie Sprawozdawcze cz\u0142onk\u00f3w Stowarzyszenia. Udzia\u0142 w spotkaniu Klub\u00f3w \u0141\u00f3dzkiej Unii [&hellip;]\" \/>\n<meta property=\"og:url\" content=\"https:\/\/amazonkikolumna.pl\/index.php\/plan-pracy-2025\/\" \/>\n<meta property=\"og:site_name\" content=\"Stowarzyszenie Amazonek \u0141ask-Kolumna\" \/>\n<meta property=\"article:modified_time\" content=\"2025-02-11T22:34:12+00:00\" \/>\n<meta name=\"twitter:card\" content=\"summary_large_image\" \/>\n<meta name=\"twitter:label1\" content=\"Szacowany czas czytania\" \/>\n\t<meta name=\"twitter:data1\" content=\"4 minuty\" \/>\n<script type=\"application\/ld+json\" class=\"yoast-schema-graph\">{\"@context\":\"https:\/\/schema.org\",\"@graph\":[{\"@type\":\"WebPage\",\"@id\":\"https:\/\/amazonkikolumna.pl\/index.php\/plan-pracy-2025\/\",\"url\":\"https:\/\/amazonkikolumna.pl\/index.php\/plan-pracy-2025\/\",\"name\":\"Plan pracy 2025 - Stowarzyszenie Amazonek \u0141ask-Kolumna\",\"isPartOf\":{\"@id\":\"https:\/\/amazonkikolumna.pl\/#website\"},\"datePublished\":\"2025-02-11T22:29:17+00:00\",\"dateModified\":\"2025-02-11T22:34:12+00:00\",\"breadcrumb\":{\"@id\":\"https:\/\/amazonkikolumna.pl\/index.php\/plan-pracy-2025\/#breadcrumb\"},\"inLanguage\":\"pl-PL\",\"potentialAction\":[{\"@type\":\"ReadAction\",\"target\":[\"https:\/\/amazonkikolumna.pl\/index.php\/plan-pracy-2025\/\"]}]},{\"@type\":\"BreadcrumbList\",\"@id\":\"https:\/\/amazonkikolumna.pl\/index.php\/plan-pracy-2025\/#breadcrumb\",\"itemListElement\":[{\"@type\":\"ListItem\",\"position\":1,\"name\":\"Strona g\u0142\u00f3wna\",\"item\":\"https:\/\/amazonkikolumna.pl\/\"},{\"@type\":\"ListItem\",\"position\":2,\"name\":\"Plan pracy 2025\"}]},{\"@type\":\"WebSite\",\"@id\":\"https:\/\/amazonkikolumna.pl\/#website\",\"url\":\"https:\/\/amazonkikolumna.pl\/\",\"name\":\"Stowarzyszenie Amazonek \u0141ask-Kolumna\",\"description\":\"\u201eCz\u0142owiek jest wielki nie przez to, co ma, nie przez to kim jest, lecz przez to, czym dzieli si\u0119 z innymi\u201d Jan Pawe\u0142 II\",\"publisher\":{\"@id\":\"https:\/\/amazonkikolumna.pl\/#organization\"},\"potentialAction\":[{\"@type\":\"SearchAction\",\"target\":{\"@type\":\"EntryPoint\",\"urlTemplate\":\"https:\/\/amazonkikolumna.pl\/?s={search_term_string}\"},\"query-input\":{\"@type\":\"PropertyValueSpecification\",\"valueRequired\":true,\"valueName\":\"search_term_string\"}}],\"inLanguage\":\"pl-PL\"},{\"@type\":\"Organization\",\"@id\":\"https:\/\/amazonkikolumna.pl\/#organization\",\"name\":\"Stowarzyszenie Amazonek \u0141ask-Kolumna\",\"url\":\"https:\/\/amazonkikolumna.pl\/\",\"logo\":{\"@type\":\"ImageObject\",\"inLanguage\":\"pl-PL\",\"@id\":\"https:\/\/amazonkikolumna.pl\/#\/schema\/logo\/image\/\",\"url\":\"https:\/\/amazonkikolumna.pl\/wp-content\/uploads\/2016\/03\/logo_federacja_header.gif\",\"contentUrl\":\"https:\/\/amazonkikolumna.pl\/wp-content\/uploads\/2016\/03\/logo_federacja_header.gif\",\"width\":94,\"height\":93,\"caption\":\"Stowarzyszenie Amazonek \u0141ask-Kolumna\"},\"image\":{\"@id\":\"https:\/\/amazonkikolumna.pl\/#\/schema\/logo\/image\/\"}}]}<\/script>\n<!-- \/ Yoast SEO plugin. -->","yoast_head_json":{"title":"Plan pracy 2025 - Stowarzyszenie Amazonek \u0141ask-Kolumna","robots":{"index":"index","follow":"follow","max-snippet":"max-snippet:-1","max-image-preview":"max-image-preview:large","max-video-preview":"max-video-preview:-1"},"canonical":"https:\/\/amazonkikolumna.pl\/index.php\/plan-pracy-2025\/","og_locale":"pl_PL","og_type":"article","og_title":"Plan pracy 2025 - Stowarzyszenie Amazonek \u0141ask-Kolumna","og_description":"Lp. Miesi\u0105c Dzia\u0142ania 1 Stycze\u0144 28.01. 25 r. Zebranie cz\u0142onk\u00f3w Stowarzyszenia. 2 Luty 25.02.25 r.\u00a0 Zebranie cz\u0142onk\u00f3w Stowarzyszenia. \u201eWarsztat piel\u0119gnacyjny podstawowy\u201d realizowany przez Katarzyn\u0119 Kami\u0144sk\u0105 &#8211; Hoffer , grupy po 4-8 os\u00f3b. Spotkanie integracyjno &#8211; profilaktyczne w Klubie Seniora w Kwiatkowicach. 3 Marzec 04.03.25 r.\u00a0 Spotkanie integracyjne \u2013 \u201eOstatki\u201d, 07.03.25 r. \u00a0Spotkanie integracyjne z okazji \u201eDnia Kobiet\u201d z cz\u0142onkiniami Ko\u0142a Gospody\u0144 Wiejskich z Mogilna Ma\u0142ego po\u0142\u0105czone z warsztatem nauki robienia kwiat\u00f3w wiosennych z bibu\u0142y i innych materia\u0142\u00f3w. 4 Kwiecie\u0144 15.04.25 r.\u00a0 Spotkanie integracyjne cz\u0142onk\u00f3w \u201eWielkanoc w Stowarzyszeniu\u201d 29.04.25 r.\u00a0 Walne Zebranie Sprawozdawcze cz\u0142onk\u00f3w Stowarzyszenia. Udzia\u0142 w spotkaniu Klub\u00f3w \u0141\u00f3dzkiej Unii [&hellip;]","og_url":"https:\/\/amazonkikolumna.pl\/index.php\/plan-pracy-2025\/","og_site_name":"Stowarzyszenie Amazonek \u0141ask-Kolumna","article_modified_time":"2025-02-11T22:34:12+00:00","twitter_card":"summary_large_image","twitter_misc":{"Szacowany czas czytania":"4 minuty"},"schema":{"@context":"https:\/\/schema.org","@graph":[{"@type":"WebPage","@id":"https:\/\/amazonkikolumna.pl\/index.php\/plan-pracy-2025\/","url":"https:\/\/amazonkikolumna.pl\/index.php\/plan-pracy-2025\/","name":"Plan pracy 2025 - Stowarzyszenie Amazonek \u0141ask-Kolumna","isPartOf":{"@id":"https:\/\/amazonkikolumna.pl\/#website"},"datePublished":"2025-02-11T22:29:17+00:00","dateModified":"2025-02-11T22:34:12+00:00","breadcrumb":{"@id":"https:\/\/amazonkikolumna.pl\/index.php\/plan-pracy-2025\/#breadcrumb"},"inLanguage":"pl-PL","potentialAction":[{"@type":"ReadAction","target":["https:\/\/amazonkikolumna.pl\/index.php\/plan-pracy-2025\/"]}]},{"@type":"BreadcrumbList","@id":"https:\/\/amazonkikolumna.pl\/index.php\/plan-pracy-2025\/#breadcrumb","itemListElement":[{"@type":"ListItem","position":1,"name":"Strona g\u0142\u00f3wna","item":"https:\/\/amazonkikolumna.pl\/"},{"@type":"ListItem","position":2,"name":"Plan pracy 2025"}]},{"@type":"WebSite","@id":"https:\/\/amazonkikolumna.pl\/#website","url":"https:\/\/amazonkikolumna.pl\/","name":"Stowarzyszenie Amazonek \u0141ask-Kolumna","description":"\u201eCz\u0142owiek jest wielki nie przez to, co ma, nie przez to kim jest, lecz przez to, czym dzieli si\u0119 z innymi\u201d Jan Pawe\u0142 II","publisher":{"@id":"https:\/\/amazonkikolumna.pl\/#organization"},"potentialAction":[{"@type":"SearchAction","target":{"@type":"EntryPoint","urlTemplate":"https:\/\/amazonkikolumna.pl\/?s={search_term_string}"},"query-input":{"@type":"PropertyValueSpecification","valueRequired":true,"valueName":"search_term_string"}}],"inLanguage":"pl-PL"},{"@type":"Organization","@id":"https:\/\/amazonkikolumna.pl\/#organization","name":"Stowarzyszenie Amazonek \u0141ask-Kolumna","url":"https:\/\/amazonkikolumna.pl\/","logo":{"@type":"ImageObject","inLanguage":"pl-PL","@id":"https:\/\/amazonkikolumna.pl\/#\/schema\/logo\/image\/","url":"https:\/\/amazonkikolumna.pl\/wp-content\/uploads\/2016\/03\/logo_federacja_header.gif","contentUrl":"https:\/\/amazonkikolumna.pl\/wp-content\/uploads\/2016\/03\/logo_federacja_header.gif","width":94,"height":93,"caption":"Stowarzyszenie Amazonek \u0141ask-Kolumna"},"image":{"@id":"https:\/\/amazonkikolumna.pl\/#\/schema\/logo\/image\/"}}]}},"_links":{"self":[{"href":"https:\/\/amazonkikolumna.pl\/index.php\/wp-json\/wp\/v2\/pages\/889","targetHints":{"allow":["GET"]}}],"collection":[{"href":"https:\/\/amazonkikolumna.pl\/index.php\/wp-json\/wp\/v2\/pages"}],"about":[{"href":"https:\/\/amazonkikolumna.pl\/index.php\/wp-json\/wp\/v2\/types\/page"}],"author":[{"embeddable":true,"href":"https:\/\/amazonkikolumna.pl\/index.php\/wp-json\/wp\/v2\/users\/7"}],"replies":[{"embeddable":true,"href":"https:\/\/amazonkikolumna.pl\/index.php\/wp-json\/wp\/v2\/comments?post=889"}],"version-history":[{"count":8,"href":"https:\/\/amazonkikolumna.pl\/index.php\/wp-json\/wp\/v2\/pages\/889\/revisions"}],"predecessor-version":[{"id":898,"href":"https:\/\/amazonkikolumna.pl\/index.php\/wp-json\/wp\/v2\/pages\/889\/revisions\/898"}],"wp:attachment":[{"href":"https:\/\/amazonkikolumna.pl\/index.php\/wp-json\/wp\/v2\/media?parent=889"}],"curies":[{"name":"wp","href":"https:\/\/api.w.org\/{rel}","templated":true}]}}